{"id":14,"date":"2016-03-03T16:17:02","date_gmt":"2016-03-03T16:17:02","guid":{"rendered":"http:\/\/mdfernandez.com\/newproject\/?page_id=14"},"modified":"2022-03-10T17:14:14","modified_gmt":"2022-03-10T16:14:14","slug":"asesoria","status":"publish","type":"page","link":"https:\/\/mdfernandez.com\/ca\/assessoria\/","title":{"rendered":"Assessoria Matar\u00f3"},"content":{"rendered":"<p>[vc_row][vc_column][vc_column_text]<\/p>\n<p style=\"text-align: justify;\">Gr\u00e0cies als nostres <a href=\"\/\">advocats de Matar\u00f3<\/a>, el nostre bufet disposa d\u2019un <strong>excel\u00b7lent servei de dret civil, familiar, financer i comptable<\/strong>. Sota la insuperable direcci\u00f3 de l\u2019advocada i mediadora Mar\u00eda Dolores Fern\u00e1ndez Sainz de la Maza, el seu equip de juristes ha dut a terme amb \u00e8xit milers de casos relatius a her\u00e8ncies, divorcis, separacions, nul\u00b7litats matrimonials, adopcions, etc. No en va el principal objectiu del nostre bufet d\u2019advocats \u00e9s proporcionar en tot moment una <strong>atenci\u00f3 personalitzada, transparent i efica\u00e7 enfocada a oferir sempre un resultat \u00f2ptim<\/strong>.<\/p>\n<p style=\"text-align: justify;\">No obstant aix\u00f2, els serveis m\u00e9s destacats del nostre despatx d\u2019advocats s\u00f3n, sens dubte, les nostres <strong>assessories fiscal i comptable<\/strong>. Tant \u00e9s aix\u00ed que, gr\u00e0cies a l\u2019\u00e8xit dels nostres serveis, a dia d\u2019avui ja estem considerats com una de les millors <strong>assessories a Matar\u00f3<\/strong>.<\/p>\n<p style=\"text-align: justify;\">A trav\u00e9s del nostre servei d\u2019assessoria fiscal proporcionem un servei global davant de qualsevol cas relatiu al dret tributari. En aquest sentit, des de la nostra <strong>assessoria a Matar\u00f3<\/strong> ens encarreguem d\u2019assessorar i representar els nostres clients davant de situacions com ara, per exemple, procediments de gesti\u00f3, recaptaci\u00f3, sanci\u00f3 i inspecci\u00f3 tribut\u00e0ria; planificaci\u00f3 en mat\u00e8ria de duanes i imposici\u00f3 indirecta; reclamacions de valoracions cadastrals; gesti\u00f3 de carteres; etc.<\/p>\n<p style=\"text-align: justify;\">D\u2019altra banda, mitjan\u00e7ant el nostre servei d\u2019assessoria coptable, oferim un <strong>servei especialitzat a PIMES i grans empreses<\/strong> gr\u00e0cies al qual els nostres clients quedaran alliberats d\u2019haver de fer front a la ingent quantitat de paperassa que va lligat als processos de comptabilitat de qualsevol negoci. Per\u00f2 no nom\u00e9s aix\u00f2, tamb\u00e9 comptaran amb l\u2019assessorament de la qual amb tota seguretat \u00e9s la millor <strong>assessoria de Matar\u00f3<\/strong>.<\/p>\n<p style=\"text-align: justify;\">D\u2019aquesta manera, els nostres clients podran disposar de la nostra experi\u00e8ncia i professionalitat per ser representats i assessorats davant la realitzaci\u00f3 d\u2019auditories comptables, controls pressupostaris, gestions davant administracions de l\u2019Estat, redacci\u00f3 i presentaci\u00f3 de documentaci\u00f3 comptable, disseny de plans de comptabilitat i un llarg etc\u00e8tera.<\/p>\n<p style=\"text-align: justify;\">Si \u00e9s vost\u00e8 el titular d\u2019una empresa i vol comptar amb el suport i l\u2019experi\u00e8ncia d\u2019una de les millors assessories comptables i financeres de tota la prov\u00edncia no dubti en posar-se en contacte amb nosaltres i li explicarem amb tot luxe de detalls tot el que podem fer per vost\u00e8 i l\u2019enorme quantitat de facilitats que podem proporcionar-li.<\/p>\n<p>[\/vc_column_text][\/vc_column][\/vc_row]<\/p>","protected":false},"excerpt":{"rendered":"<p>[vc_row][vc_column][vc_column_text] Gr\u00e0cies als nostres advocats de Matar\u00f3, el nostre bufet disposa d\u2019un excel\u00b7lent servei de dret civil, familiar, financer i comptable. Sota la insuperable direcci\u00f3 de l\u2019advocada [&hellip;]<\/p>\n","protected":false},"author":1,"featured_media":0,"parent":0,"menu_order":0,"comment_status":"closed","ping_status":"closed","template":"","meta":{"footnotes":""},"yoast_head":"<!-- This site is optimized with the Yoast SEO plugin v23.2 - https:\/\/yoast.com\/wordpress\/plugins\/seo\/ -->\n<title>Asesoria Matar\u00f3. Asesoramiento Matar\u00f3<\/title>\n<meta name=\"description\" content=\"Asesor\u00eda en Matar\u00f3. Maria Dolores Fernandez Sainz de la Maza. Asesoramiento fiscal y contable\" \/>\n<meta name=\"robots\" content=\"index, follow, max-snippet:-1, max-image-preview:large, max-video-preview:-1\" \/>\n<link rel=\"canonical\" href=\"https:\/\/mdfernandez.com\/asesoria\/\" \/>\n<meta property=\"og:locale\" content=\"en_US\" \/>\n<meta property=\"og:type\" content=\"article\" \/>\n<meta property=\"og:title\" content=\"Asesoria Matar\u00f3. Asesoramiento Matar\u00f3\" \/>\n<meta property=\"og:description\" content=\"Asesor\u00eda en Matar\u00f3. Maria Dolores Fernandez Sainz de la Maza. Asesoramiento fiscal y contable\" \/>\n<meta property=\"og:url\" content=\"https:\/\/mdfernandez.com\/asesoria\/\" \/>\n<meta property=\"og:site_name\" content=\"mdfernandez\" \/>\n<meta property=\"article:modified_time\" content=\"2022-03-10T16:14:14+00:00\" \/>\n<meta name=\"twitter:card\" content=\"summary_large_image\" \/>\n<meta name=\"twitter:label1\" content=\"Est. reading time\" \/>\n\t<meta name=\"twitter:data1\" content=\"4 minutes\" \/>\n<script type=\"application\/ld+json\" class=\"yoast-schema-graph\">{\"@context\":\"https:\/\/schema.org\",\"@graph\":[{\"@type\":\"WebPage\",\"@id\":\"https:\/\/mdfernandez.com\/asesoria\/\",\"url\":\"https:\/\/mdfernandez.com\/asesoria\/\",\"name\":\"Asesoria Matar\u00f3. Asesoramiento Matar\u00f3\",\"isPartOf\":{\"@id\":\"https:\/\/mdfernandez.com\/#website\"},\"datePublished\":\"2016-03-03T16:17:02+00:00\",\"dateModified\":\"2022-03-10T16:14:14+00:00\",\"description\":\"Asesor\u00eda en Matar\u00f3. Maria Dolores Fernandez Sainz de la Maza. Asesoramiento fiscal y contable\",\"breadcrumb\":{\"@id\":\"https:\/\/mdfernandez.com\/asesoria\/#breadcrumb\"},\"inLanguage\":\"ca-CA\",\"potentialAction\":[{\"@type\":\"ReadAction\",\"target\":[\"https:\/\/mdfernandez.com\/asesoria\/\"]}]},{\"@type\":\"BreadcrumbList\",\"@id\":\"https:\/\/mdfernandez.com\/asesoria\/#breadcrumb\",\"itemListElement\":[{\"@type\":\"ListItem\",\"position\":1,\"name\":\"Portada\",\"item\":\"https:\/\/mdfernandez.com\/\"},{\"@type\":\"ListItem\",\"position\":2,\"name\":\"Asesor\u00eda Matar\u00f3\"}]},{\"@type\":\"WebSite\",\"@id\":\"https:\/\/mdfernandez.com\/#website\",\"url\":\"https:\/\/mdfernandez.com\/\",\"name\":\"mdfernandez\",\"description\":\"Abogada Mediadora\",\"potentialAction\":[{\"@type\":\"SearchAction\",\"target\":{\"@type\":\"EntryPoint\",\"urlTemplate\":\"https:\/\/mdfernandez.com\/?s={search_term_string}\"},\"query-input\":\"required name=search_term_string\"}],\"inLanguage\":\"ca-CA\"}]}<\/script>\n<!-- \/ Yoast SEO plugin. -->","yoast_head_json":{"title":"Asesoria Matar\u00f3. Asesoramiento Matar\u00f3","description":"Asesor\u00eda en Matar\u00f3. Maria Dolores Fernandez Sainz de la Maza. Asesoramiento fiscal y contable","robots":{"index":"index","follow":"follow","max-snippet":"max-snippet:-1","max-image-preview":"max-image-preview:large","max-video-preview":"max-video-preview:-1"},"canonical":"https:\/\/mdfernandez.com\/asesoria\/","og_locale":"en_US","og_type":"article","og_title":"Asesoria Matar\u00f3. Asesoramiento Matar\u00f3","og_description":"Asesor\u00eda en Matar\u00f3. Maria Dolores Fernandez Sainz de la Maza. Asesoramiento fiscal y contable","og_url":"https:\/\/mdfernandez.com\/asesoria\/","og_site_name":"mdfernandez","article_modified_time":"2022-03-10T16:14:14+00:00","twitter_card":"summary_large_image","twitter_misc":{"Est. reading time":"4 minutes"},"schema":{"@context":"https:\/\/schema.org","@graph":[{"@type":"WebPage","@id":"https:\/\/mdfernandez.com\/asesoria\/","url":"https:\/\/mdfernandez.com\/asesoria\/","name":"Asesoria Matar\u00f3. Asesoramiento Matar\u00f3","isPartOf":{"@id":"https:\/\/mdfernandez.com\/#website"},"datePublished":"2016-03-03T16:17:02+00:00","dateModified":"2022-03-10T16:14:14+00:00","description":"Asesor\u00eda en Matar\u00f3. Maria Dolores Fernandez Sainz de la Maza. Asesoramiento fiscal y contable","breadcrumb":{"@id":"https:\/\/mdfernandez.com\/asesoria\/#breadcrumb"},"inLanguage":"ca-CA","potentialAction":[{"@type":"ReadAction","target":["https:\/\/mdfernandez.com\/asesoria\/"]}]},{"@type":"BreadcrumbList","@id":"https:\/\/mdfernandez.com\/asesoria\/#breadcrumb","itemListElement":[{"@type":"ListItem","position":1,"name":"Portada","item":"https:\/\/mdfernandez.com\/"},{"@type":"ListItem","position":2,"name":"Asesor\u00eda Matar\u00f3"}]},{"@type":"WebSite","@id":"https:\/\/mdfernandez.com\/#website","url":"https:\/\/mdfernandez.com\/","name":"mdfernandez","description":"Abogada Mediadora","potentialAction":[{"@type":"SearchAction","target":{"@type":"EntryPoint","urlTemplate":"https:\/\/mdfernandez.com\/?s={search_term_string}"},"query-input":"required name=search_term_string"}],"inLanguage":"ca-CA"}]}},"_links":{"self":[{"href":"https:\/\/mdfernandez.com\/ca\/wp-json\/wp\/v2\/pages\/14"}],"collection":[{"href":"https:\/\/mdfernandez.com\/ca\/wp-json\/wp\/v2\/pages"}],"about":[{"href":"https:\/\/mdfernandez.com\/ca\/wp-json\/wp\/v2\/types\/page"}],"author":[{"embeddable":true,"href":"https:\/\/mdfernandez.com\/ca\/wp-json\/wp\/v2\/users\/1"}],"replies":[{"embeddable":true,"href":"https:\/\/mdfernandez.com\/ca\/wp-json\/wp\/v2\/comments?post=14"}],"version-history":[{"count":6,"href":"https:\/\/mdfernandez.com\/ca\/wp-json\/wp\/v2\/pages\/14\/revisions"}],"predecessor-version":[{"id":6815,"href":"https:\/\/mdfernandez.com\/ca\/wp-json\/wp\/v2\/pages\/14\/revisions\/6815"}],"wp:attachment":[{"href":"https:\/\/mdfernandez.com\/ca\/wp-json\/wp\/v2\/media?parent=14"}],"curies":[{"name":"wp","href":"https:\/\/api.w.org\/{rel}","templated":true}]}}