{"id":140,"date":"2016-03-07T14:11:12","date_gmt":"2016-03-07T14:11:12","guid":{"rendered":"http:\/\/mdfernandez.com\/newproject\/?page_id=140"},"modified":"2019-07-30T12:34:22","modified_gmt":"2019-07-30T10:34:22","slug":"cookies","status":"publish","type":"page","link":"https:\/\/mdfernandez.com\/ca\/cookies\/","title":{"rendered":"Cookies"},"content":{"rendered":"<p><\/p>\n<h1>Pol\u00edtica de Cookies per MDFernandez<\/h1>\n<p>En <strong>MDFernandez<\/strong> utilitzem cookies amb l&#8217;objectiu de prestar un millor servei i proporcionar-te una millor experi\u00e8ncia en la teva navegaci\u00f3. Volem informar-te de manera clara i precisa sobre les cookies que utilitzem, detallant a continuaci\u00f3, que \u00e9s una galeta, perqu\u00e8 serveix, quins tipus de cookies utilitzem, quins s\u00f3n la seva finalitat i com pots configurar-les o deshabilitar si aix\u00ed ho desitja.<\/p>\n<p>Qu\u00e8 \u00e9s una cookie i per a qu\u00e8 serveix?<\/p>\n<p>Una &#8220;Cookie&#8221; \u00e9s un petit arxiu que s&#8217;emmagatzema a l&#8217;ordinador de l&#8217;usuari, tablet, smartphone o qualsevol altre dispositiu amb informaci\u00f3 sobre la navegaci\u00f3.<\/p>\n<p>El conjunt de &#8220;cookies&#8221; de tots els nostres usuaris ens ajuda a millorar la qualitat de la nostra web, permetent-nos controlar quines p\u00e0gines s\u00f3n \u00fatils, quins no i quins s\u00f3n susceptibles de millora.<\/p>\n<p>Les cookies s\u00f3n essencials per al funcionament d&#8217;internet, aportant innombrables avantatges en la prestaci\u00f3 de serveis interactius, facilitant la navegaci\u00f3 i usabilitat de la nostra web.<\/p>\n<p>En cap cas les cookies podrien malmetre el teu equip. Per contra, el que estiguin actives ens ajuda a identificar i resoldre els errors.<\/p>\n<p>Quins tipus de cookies utilitzem?<\/p>\n<p><em>Segons l&#8217;entitat que la gestiona:<\/em><\/p>\n<p>Cookies pr\u00f2pies: S\u00f3n aquelles que s&#8217;envien al teu equip des dels nostres propis equips o http:\/\/www.mdfernandez.com\/ i des del qual prestem el servei que ens demanes.<\/p>\n<p>Cookies de tercers: S\u00f3n aquelles que s&#8217;envien al teu equip des d&#8217;un equip o http:\/\/www.mdfernandez.com\/ que no \u00e9s gestionat per nosaltres, sin\u00f3 per una altra entitat col\u00b7laboradora. Com per exemple, les usades per xarxes socials, o per contingut extern com Google Maps.<\/p>\n<p><em>Segons el termini de temps que romanen activades:<\/em><\/p>\n<p>Cookies de sessi\u00f3: S\u00f3n cookies temporals que romanen a l&#8217;arxiu de cookies del navegador fins que abandones la p\u00e0gina web, de manera que cap queda registrada en el disc dur del teu ordinador. La informaci\u00f3 obtinguda per mitj\u00e0 d&#8217;aquestes cookies, serveixen per analitzar pautes de tr\u00e0nsit a la web. A la llarga, aix\u00f2 ens permet proporcionar una millor experi\u00e8ncia per millorar el contingut i facilitar el seu \u00fas.<\/p>\n<p>Cookies persistents: s\u00f3n emmagatzemades al disc dur i la nostra web les llegeix cada vegada que fas una nova visita. Un web permanent posseeix una data d&#8217;expiraci\u00f3 determinada. La galeta deixar\u00e0 de funcionar despr\u00e9s d&#8217;aquesta data. Aquestes cookies les fem servir, generalment, per facilitar els serveis de compra i registre.<\/p>\n<p><em>Segons la seva finalitat:<\/em><\/p>\n<p>Cookies t\u00e8cniques: S\u00f3n aquelles necess\u00e0ries per a la navegaci\u00f3 i el bon funcionament de la nostra p\u00e0gina web. Permeten per exemple, controlar el tr\u00e0nsit i la comunicaci\u00f3 de dades, accedir a parts d&#8217;acc\u00e9s restringit, realitzar el proc\u00e9s de compra d&#8217;una comanda, utilitzar elements de seguretat, emmagatzemar continguts per poder difondre v\u00eddeos o compartir continguts a trav\u00e9s de xarxes socials.<\/p>\n<p>Cookies de personalitzaci\u00f3: S\u00f3n aquelles que et permeten accedir al servei amb unes caracter\u00edstiques predefinides en funci\u00f3 d&#8217;una s\u00e8rie de criteris, com ara l&#8217;idioma, el tipus de navegador mitjan\u00e7ant el qual s&#8217;accedeix al servei, la configuraci\u00f3 regional des d&#8217;on s&#8217;accedeix al servei, etc.<\/p>\n<p>Cookies d&#8217;an\u00e0lisi: S\u00f3n aquelles que ens permeten quantificar el nombre d&#8217;usuaris i aix\u00ed realitzar el mesurament i an\u00e0lisi estad\u00edstica de la utilitzaci\u00f3 que fan els usuaris dels serveis prestats. Per aix\u00f2 s&#8217;analitza la seva navegaci\u00f3 a la nostra p\u00e0gina web per tal de millorar l&#8217;oferta de productes i serveis que oferim.<\/p>\n<p>Cookies publicit\u00e0ries: S\u00f3n aquelles que permeten la gesti\u00f3, de la forma m\u00e9s efica\u00e7 possible, dels espais publicitaris que es poguessin incloure a la nostra p\u00e0gina web.<\/p>\n<p>Cookies de publicitat comportamental: Aquestes cookies emmagatzemen informaci\u00f3 del comportament dels usuaris obtinguda a trav\u00e9s de l&#8217;observaci\u00f3 continuada. Gr\u00e0cies a elles, podem con\u00e8ixer els h\u00e0bits de navegaci\u00f3 a internet i mostrar-publicitat relacionada amb el teu perfil de navegaci\u00f3.<\/p>\n<p><em>Finalitat de cadascuna de les cookies utilitzades:<\/em><\/p>\n<p><strong>Com pots configurar o desactivar les Cookies?<\/strong><\/p>\n<p>Pots permetre, bloquejar o eliminar les cookies instal\u00b7lades en el seu equip mitjan\u00e7ant la configuraci\u00f3 de les opcions del navegador d&#8217;Internet. En cas que no permetis la instal\u00b7laci\u00f3 de cookies al teu navegador \u00e9s possible que no puguis accedir a alguns dels serveis i que la teva experi\u00e8ncia a la nostra web pugui resultar menys satisfact\u00f2ria.<\/p>\n<p>En <strong>MDFernandez<\/strong> mai guardem les dades personals dels nostres usuaris, a excepci\u00f3 de l&#8217;adre\u00e7a IP d&#8217;acord al descrit anteriorment, tret que vulguis registrar-te, de forma volunt\u00e0ria per tal de realitzar compres dels productes i serveis que posem a la teva disposici\u00f3 o de rebre informaci\u00f3 sobre promocions i continguts del teu inter\u00e8s.<\/p>\n<p>En navegar i continuar en la nostra web ens indiques que est\u00e0s consentint l&#8217;\u00fas de les cookies per a poder enunciades, i en les condicions contingudes en la present Pol\u00edtica de Cookies.<\/p>","protected":false},"excerpt":{"rendered":"<p>Pol\u00edtica de Cookies per MDFernandez En MDFernandez utilitzem cookies amb l&#8217;objectiu de prestar un millor servei i proporcionar-te una millor experi\u00e8ncia en la teva navegaci\u00f3. Volem informar-te [&hellip;]<\/p>\n","protected":false},"author":1,"featured_media":0,"parent":0,"menu_order":0,"comment_status":"closed","ping_status":"closed","template":"","meta":{"footnotes":""},"yoast_head":"<!-- This site is optimized with the Yoast SEO plugin v23.2 - https:\/\/yoast.com\/wordpress\/plugins\/seo\/ -->\n<title>Cookies - mdfernandez<\/title>\n<meta name=\"robots\" content=\"noindex, nofollow\" \/>\n<meta property=\"og:locale\" content=\"en_US\" \/>\n<meta property=\"og:type\" content=\"article\" \/>\n<meta property=\"og:title\" content=\"[:es]Pol\u00edtica de Cookies para MDFernandez[:ca]Cookies[:] - mdfernandez\" \/>\n<meta property=\"og:description\" content=\"Pol\u00edtica de Cookies per MDFernandez En MDFernandez utilitzem cookies amb l&#8217;objectiu de prestar un millor servei i proporcionar-te una millor experi\u00e8ncia en la teva navegaci\u00f3. Volem informar-te [&hellip;]\" \/>\n<meta property=\"og:url\" content=\"https:\/\/mdfernandez.com\/politica-de-cookies-para-mdfernandez\/\" \/>\n<meta property=\"og:site_name\" content=\"mdfernandez\" \/>\n<meta property=\"article:modified_time\" content=\"2019-07-30T10:34:22+00:00\" \/>\n<meta name=\"twitter:card\" content=\"summary_large_image\" \/>\n<meta name=\"twitter:label1\" content=\"Est. reading time\" \/>\n\t<meta name=\"twitter:data1\" content=\"8 minutes\" \/>\n<script type=\"application\/ld+json\" class=\"yoast-schema-graph\">{\"@context\":\"https:\/\/schema.org\",\"@graph\":[{\"@type\":\"WebPage\",\"@id\":\"https:\/\/mdfernandez.com\/politica-de-cookies-para-mdfernandez\/\",\"url\":\"https:\/\/mdfernandez.com\/politica-de-cookies-para-mdfernandez\/\",\"name\":\"[:es]Pol\u00edtica de Cookies para MDFernandez[:ca]Cookies[:] - mdfernandez\",\"isPartOf\":{\"@id\":\"https:\/\/mdfernandez.com\/#website\"},\"datePublished\":\"2016-03-07T14:11:12+00:00\",\"dateModified\":\"2019-07-30T10:34:22+00:00\",\"breadcrumb\":{\"@id\":\"https:\/\/mdfernandez.com\/politica-de-cookies-para-mdfernandez\/#breadcrumb\"},\"inLanguage\":\"ca-CA\",\"potentialAction\":[{\"@type\":\"ReadAction\",\"target\":[\"https:\/\/mdfernandez.com\/politica-de-cookies-para-mdfernandez\/\"]}]},{\"@type\":\"BreadcrumbList\",\"@id\":\"https:\/\/mdfernandez.com\/politica-de-cookies-para-mdfernandez\/#breadcrumb\",\"itemListElement\":[{\"@type\":\"ListItem\",\"position\":1,\"name\":\"Portada\",\"item\":\"https:\/\/mdfernandez.com\/\"},{\"@type\":\"ListItem\",\"position\":2,\"name\":\"Pol\u00edtica de Cookies para MDFernandez\"}]},{\"@type\":\"WebSite\",\"@id\":\"https:\/\/mdfernandez.com\/#website\",\"url\":\"https:\/\/mdfernandez.com\/\",\"name\":\"mdfernandez\",\"description\":\"Abogada Mediadora\",\"potentialAction\":[{\"@type\":\"SearchAction\",\"target\":{\"@type\":\"EntryPoint\",\"urlTemplate\":\"https:\/\/mdfernandez.com\/?s={search_term_string}\"},\"query-input\":\"required name=search_term_string\"}],\"inLanguage\":\"ca-CA\"}]}<\/script>\n<!-- \/ Yoast SEO plugin. -->","yoast_head_json":{"title":"[:es]Pol\u00edtica de Cookies para MDFernandez[:ca]Cookies[:] - mdfernandez","robots":{"index":"noindex","follow":"nofollow"},"og_locale":"en_US","og_type":"article","og_title":"[:es]Pol\u00edtica de Cookies para MDFernandez[:ca]Cookies[:] - mdfernandez","og_description":"Pol\u00edtica de Cookies per MDFernandez En MDFernandez utilitzem cookies amb l&#8217;objectiu de prestar un millor servei i proporcionar-te una millor experi\u00e8ncia en la teva navegaci\u00f3. Volem informar-te [&hellip;]","og_url":"https:\/\/mdfernandez.com\/politica-de-cookies-para-mdfernandez\/","og_site_name":"mdfernandez","article_modified_time":"2019-07-30T10:34:22+00:00","twitter_card":"summary_large_image","twitter_misc":{"Est. reading time":"8 minutes"},"schema":{"@context":"https:\/\/schema.org","@graph":[{"@type":"WebPage","@id":"https:\/\/mdfernandez.com\/politica-de-cookies-para-mdfernandez\/","url":"https:\/\/mdfernandez.com\/politica-de-cookies-para-mdfernandez\/","name":"[:es]Pol\u00edtica de Cookies para MDFernandez[:ca]Cookies[:] - mdfernandez","isPartOf":{"@id":"https:\/\/mdfernandez.com\/#website"},"datePublished":"2016-03-07T14:11:12+00:00","dateModified":"2019-07-30T10:34:22+00:00","breadcrumb":{"@id":"https:\/\/mdfernandez.com\/politica-de-cookies-para-mdfernandez\/#breadcrumb"},"inLanguage":"ca-CA","potentialAction":[{"@type":"ReadAction","target":["https:\/\/mdfernandez.com\/politica-de-cookies-para-mdfernandez\/"]}]},{"@type":"BreadcrumbList","@id":"https:\/\/mdfernandez.com\/politica-de-cookies-para-mdfernandez\/#breadcrumb","itemListElement":[{"@type":"ListItem","position":1,"name":"Portada","item":"https:\/\/mdfernandez.com\/"},{"@type":"ListItem","position":2,"name":"Pol\u00edtica de Cookies para MDFernandez"}]},{"@type":"WebSite","@id":"https:\/\/mdfernandez.com\/#website","url":"https:\/\/mdfernandez.com\/","name":"mdfernandez","description":"Abogada Mediadora","potentialAction":[{"@type":"SearchAction","target":{"@type":"EntryPoint","urlTemplate":"https:\/\/mdfernandez.com\/?s={search_term_string}"},"query-input":"required name=search_term_string"}],"inLanguage":"ca-CA"}]}},"_links":{"self":[{"href":"https:\/\/mdfernandez.com\/ca\/wp-json\/wp\/v2\/pages\/140"}],"collection":[{"href":"https:\/\/mdfernandez.com\/ca\/wp-json\/wp\/v2\/pages"}],"about":[{"href":"https:\/\/mdfernandez.com\/ca\/wp-json\/wp\/v2\/types\/page"}],"author":[{"embeddable":true,"href":"https:\/\/mdfernandez.com\/ca\/wp-json\/wp\/v2\/users\/1"}],"replies":[{"embeddable":true,"href":"https:\/\/mdfernandez.com\/ca\/wp-json\/wp\/v2\/comments?post=140"}],"version-history":[{"count":1,"href":"https:\/\/mdfernandez.com\/ca\/wp-json\/wp\/v2\/pages\/140\/revisions"}],"predecessor-version":[{"id":6709,"href":"https:\/\/mdfernandez.com\/ca\/wp-json\/wp\/v2\/pages\/140\/revisions\/6709"}],"wp:attachment":[{"href":"https:\/\/mdfernandez.com\/ca\/wp-json\/wp\/v2\/media?parent=140"}],"curies":[{"name":"wp","href":"https:\/\/api.w.org\/{rel}","templated":true}]}}