{"id":22,"date":"2016-03-03T16:45:02","date_gmt":"2016-03-03T16:45:02","guid":{"rendered":"http:\/\/mdfernandez.com\/newproject\/?page_id=22"},"modified":"2022-04-13T11:46:29","modified_gmt":"2022-04-13T09:46:29","slug":"abogados-divorcios","status":"publish","type":"page","link":"https:\/\/mdfernandez.com\/ca\/advocats-divorcis\/","title":{"rendered":"Advocats divorcis Matar\u00f3"},"content":{"rendered":"<p>[vc_row][vc_column][vc_column_text]<\/p>\n<p style=\"text-align: justify;\">El divorci \u00e9s la <strong>forma judicial destinada a extingir completament el vincle matrimonial entre dues persones<\/strong>. Per fer-ho, tant si \u00e9s de mutu acord com de forma contenciosa, ser\u00e0 necess\u00e0ria la iniciaci\u00f3 d\u2019un proc\u00e9s judicial en qu\u00e8 hauran d\u2019intervenir un advocat especialitzat en divorcis i un procurador, que seran els que finalment donen lloc a la resoluci\u00f3 judicial que far\u00e0 efectiu el divorci.<\/p>\n<p style=\"text-align: justify;\">Amb el divorci s\u2019extingeix tamb\u00e9 qualsevol poder que els c\u00f2njuges puguin haver-se donat durant el matrimoni, aix\u00ed com qualsevol vinculaci\u00f3 amb el patrimoni del c\u00f2njuge en l\u2019exercici de la potestat dom\u00e8stica. De la mateixa manera, una sent\u00e8ncia de <strong>divorci a Matar\u00f3<\/strong> suposar\u00e0 per al c\u00f2njuge vidu la p\u00e8rdua del dret a la lleg\u00edtima, q\u00fcesti\u00f3 que vost\u00e8 podr\u00e0 consultar tant amb el nostre equip de juristes especialitzats en divorcis com amb el nostre <a href=\"\/abogados-herencias\/\">advocat d\u2019her\u00e8ncies<\/a>.<\/p>\n<p style=\"text-align: justify;\">No obstant aix\u00f2, hi ha certes salvaguardes que tots dos c\u00f2njuges han de complir i respectar fins i tot despr\u00e9s d\u2019haver-se divorciat. Aquestes salvaguardes asseguren, en primer lloc, el compliment de les obligacions dels pares envers els fills: dret de visites i comunicacions, pensi\u00f3 aliment\u00e0ria, cust\u00f2dia, etc. En segon lloc, aquestes salvaguardes vetllen per que el c\u00f2njuge menys afavorit de manera econ\u00f2mica continu\u00ef gaudint de la mateixa situaci\u00f3 que va mantenir durant el matrimoni: pensi\u00f3 compensat\u00f2ria, litis expensas, etc. I, finalment, que els seus interessos es vegin defensats durant la repartici\u00f3 dels b\u00e9ns resultants un cop duta a terme la dissoluci\u00f3 del r\u00e8gim econ\u00f2mic conjugal.<\/p>\n<p style=\"text-align: justify;\">Tant l\u2019extinci\u00f3 de poders com l\u2019establiment de noves salvaguardes quedaran fixats en el conveni regulador. Aquest conveni podr\u00e0 ser redactat i signat de mutu acord per ambd\u00f3s c\u00f2njuges o, de no haver arribat a cap pacte, acordat pel propi jutge.<\/p>\n<p><img loading=\"lazy\" decoding=\"async\" class=\"alignleft wp-image-100 size-full\" src=\"https:\/\/mdfernandez.com\/wp-content\/uploads\/2016\/03\/img6.png\" alt=\"divorcio\" width=\"540\" height=\"200\" \/><\/p>\n<p style=\"text-align: justify;\">Aquests s\u00f3n, a grans trets, els punts m\u00e9s destacables d\u2019un proc\u00e9s de divorci. Per descomptat, \u00e9s possible que un tr\u00e0mit d\u2019aquestes caracter\u00edstiques li pugui plantejar nombroses inc\u00f2gnites, sobretot si el divorci no es porta a terme de mutu acord. Per aix\u00f2 resulta tan important comptar amb un <strong>advocat<\/strong> divorcis experimentat, responsable i de confian\u00e7a que ajudi a portar a bon terme el proc\u00e9s, doni un bon assessorament i sigui capa\u00e7 de resoldre tots els vostres dubtes: \u00bfEn quins casos es pot suspendre el dret de visites a els fills? <strong>Qu\u00e8 passa quan hi ha una hipoteca? Qu\u00e8 passa amb la pensi\u00f3 aliment\u00e0ria quan el c\u00f2njuge que ha d\u2019aportar-es queda a l\u2019atur?<\/strong><\/p>\n<p style=\"text-align: justify;\">El nostre bufet d\u2019advocats divorci a Matar\u00f3, liderat per Maria Dolors Fern\u00e1ndez Sainz de la Maza, atendr\u00e0 el cas amb el m\u00e0xim grau de comprom\u00eds, efic\u00e0cia i garantint sempre els millors resultats. Posem a la seva disposici\u00f3 a tots els nostres juristes: <a href=\"\/abogados-matrimonialistas\/\">advocats matrimonialistes<\/a>, d\u2019her\u00e8ncies i de fam\u00edlia.<\/p>\n<h2 style=\"text-align: justify;\">Advocats divorci<\/h2>\n<p style=\"text-align: justify;\">Situats a Matar\u00f3, molt a prop de la ciutat de <strong>Barcelona<\/strong>, el nostre bufet multidisciplinar ha resolt ja m\u00e9s de cent casos de divorci, nul\u00b7litat matrimonial i separaci\u00f3 de manera satisfact\u00f2ria per als nostres clients.<\/p>\n<p style=\"text-align: justify;\">En MDF Advocats som un equip hum\u00e0 i professional, preocupat no nom\u00e9s en aconseguir els resultats que m\u00e9s l\u2019interessin, sin\u00f3 tamb\u00e9 en fer-ho donant-li sempre el major suport a nivell emocional. Qualsevol tr\u00e0mit de divorci, separaci\u00f3 o nul\u00b7litat matrimonial \u00e9s, al cap i a la fi, el termini d\u2019una etapa important a la vida de qualsevol persona. Per aix\u00f2 els nostres advocats i mediadors estan especialitzats en actuar com a conciliadors, sobre tot si hi ha fills.<\/p>\n<p style=\"text-align: justify;\">Pot posar-se en contacte amb nosaltres a trav\u00e9s del nostre n\u00famero de tel\u00e8fon o del nostre formulari de contacte i consultar-nos qualsevol dubte que tingui sense cap mena de comprom\u00eds. Un <strong>advocat de divorcis<\/strong> li atendr\u00e0 i resoldr\u00e0 en el menor temps possible qualsevol q\u00fcesti\u00f3 que ens faci arribar, donant-vos solucions, alternatives i els millors consells per a que si finalment inicia el proc\u00e9s judicial ho faci amb totes les garanties.<\/p>\n<p>[\/vc_column_text][\/vc_column][\/vc_row]<\/p>","protected":false},"excerpt":{"rendered":"<p>[vc_row][vc_column][vc_column_text] El divorci \u00e9s la forma judicial destinada a extingir completament el vincle matrimonial entre dues persones. Per fer-ho, tant si \u00e9s de mutu acord com de [&hellip;]<\/p>\n","protected":false},"author":1,"featured_media":0,"parent":0,"menu_order":0,"comment_status":"closed","ping_status":"closed","template":"","meta":{"footnotes":""},"yoast_head":"<!-- This site is optimized with the Yoast SEO plugin v23.2 - https:\/\/yoast.com\/wordpress\/plugins\/seo\/ -->\n<title>Abogado divorcio Matar\u00f3. Abogados divorcio<\/title>\n<meta name=\"description\" content=\"Abogados divorcio Matar\u00f3. Maria Dolores Fernandez Sainz de la Maza. Abogada especialista en divorcios en Matar\u00f3 (Barcelona)\" \/>\n<meta name=\"robots\" content=\"index, follow, max-snippet:-1, max-image-preview:large, max-video-preview:-1\" \/>\n<link rel=\"canonical\" href=\"https:\/\/mdfernandez.com\/abogados-divorcios\/\" \/>\n<meta property=\"og:locale\" content=\"en_US\" \/>\n<meta property=\"og:type\" content=\"article\" \/>\n<meta property=\"og:title\" content=\"Abogado divorcio Matar\u00f3. Abogados divorcio\" \/>\n<meta property=\"og:description\" content=\"Abogados divorcio Matar\u00f3. Maria Dolores Fernandez Sainz de la Maza. Abogada especialista en divorcios en Matar\u00f3 (Barcelona)\" \/>\n<meta property=\"og:url\" content=\"https:\/\/mdfernandez.com\/abogados-divorcios\/\" \/>\n<meta property=\"og:site_name\" content=\"mdfernandez\" \/>\n<meta property=\"article:modified_time\" content=\"2022-04-13T09:46:29+00:00\" \/>\n<meta property=\"og:image\" content=\"https:\/\/mdfernandez.com\/\/wp-content\/uploads\/2019\/07\/divorcio.jpg\" \/>\n<meta name=\"twitter:card\" content=\"summary_large_image\" \/>\n<meta name=\"twitter:label1\" content=\"Est. reading time\" \/>\n\t<meta name=\"twitter:data1\" content=\"9 minutes\" \/>\n<script type=\"application\/ld+json\" class=\"yoast-schema-graph\">{\"@context\":\"https:\/\/schema.org\",\"@graph\":[{\"@type\":\"WebPage\",\"@id\":\"https:\/\/mdfernandez.com\/abogados-divorcios\/\",\"url\":\"https:\/\/mdfernandez.com\/abogados-divorcios\/\",\"name\":\"Abogado divorcio Matar\u00f3. Abogados divorcio\",\"isPartOf\":{\"@id\":\"https:\/\/mdfernandez.com\/#website\"},\"primaryImageOfPage\":{\"@id\":\"https:\/\/mdfernandez.com\/abogados-divorcios\/#primaryimage\"},\"image\":{\"@id\":\"https:\/\/mdfernandez.com\/abogados-divorcios\/#primaryimage\"},\"thumbnailUrl\":\"https:\/\/mdfernandez.com\/\/wp-content\/uploads\/2019\/07\/divorcio.jpg\",\"datePublished\":\"2016-03-03T16:45:02+00:00\",\"dateModified\":\"2022-04-13T09:46:29+00:00\",\"description\":\"Abogados divorcio Matar\u00f3. Maria Dolores Fernandez Sainz de la Maza. Abogada especialista en divorcios en Matar\u00f3 (Barcelona)\",\"breadcrumb\":{\"@id\":\"https:\/\/mdfernandez.com\/abogados-divorcios\/#breadcrumb\"},\"inLanguage\":\"ca-CA\",\"potentialAction\":[{\"@type\":\"ReadAction\",\"target\":[\"https:\/\/mdfernandez.com\/abogados-divorcios\/\"]}]},{\"@type\":\"ImageObject\",\"inLanguage\":\"ca-CA\",\"@id\":\"https:\/\/mdfernandez.com\/abogados-divorcios\/#primaryimage\",\"url\":\"https:\/\/mdfernandez.com\/\/wp-content\/uploads\/2019\/07\/divorcio.jpg\",\"contentUrl\":\"https:\/\/mdfernandez.com\/\/wp-content\/uploads\/2019\/07\/divorcio.jpg\"},{\"@type\":\"BreadcrumbList\",\"@id\":\"https:\/\/mdfernandez.com\/abogados-divorcios\/#breadcrumb\",\"itemListElement\":[{\"@type\":\"ListItem\",\"position\":1,\"name\":\"Portada\",\"item\":\"https:\/\/mdfernandez.com\/\"},{\"@type\":\"ListItem\",\"position\":2,\"name\":\"Abogados divorcios Matar\u00f3\"}]},{\"@type\":\"WebSite\",\"@id\":\"https:\/\/mdfernandez.com\/#website\",\"url\":\"https:\/\/mdfernandez.com\/\",\"name\":\"mdfernandez\",\"description\":\"Abogada Mediadora\",\"potentialAction\":[{\"@type\":\"SearchAction\",\"target\":{\"@type\":\"EntryPoint\",\"urlTemplate\":\"https:\/\/mdfernandez.com\/?s={search_term_string}\"},\"query-input\":\"required name=search_term_string\"}],\"inLanguage\":\"ca-CA\"}]}<\/script>\n<!-- \/ Yoast SEO plugin. -->","yoast_head_json":{"title":"Abogado divorcio Matar\u00f3. Abogados divorcio","description":"Abogados divorcio Matar\u00f3. Maria Dolores Fernandez Sainz de la Maza. Abogada especialista en divorcios en Matar\u00f3 (Barcelona)","robots":{"index":"index","follow":"follow","max-snippet":"max-snippet:-1","max-image-preview":"max-image-preview:large","max-video-preview":"max-video-preview:-1"},"canonical":"https:\/\/mdfernandez.com\/abogados-divorcios\/","og_locale":"en_US","og_type":"article","og_title":"Abogado divorcio Matar\u00f3. Abogados divorcio","og_description":"Abogados divorcio Matar\u00f3. Maria Dolores Fernandez Sainz de la Maza. Abogada especialista en divorcios en Matar\u00f3 (Barcelona)","og_url":"https:\/\/mdfernandez.com\/abogados-divorcios\/","og_site_name":"mdfernandez","article_modified_time":"2022-04-13T09:46:29+00:00","og_image":[{"url":"https:\/\/mdfernandez.com\/\/wp-content\/uploads\/2019\/07\/divorcio.jpg"}],"twitter_card":"summary_large_image","twitter_misc":{"Est. reading time":"9 minutes"},"schema":{"@context":"https:\/\/schema.org","@graph":[{"@type":"WebPage","@id":"https:\/\/mdfernandez.com\/abogados-divorcios\/","url":"https:\/\/mdfernandez.com\/abogados-divorcios\/","name":"Abogado divorcio Matar\u00f3. Abogados divorcio","isPartOf":{"@id":"https:\/\/mdfernandez.com\/#website"},"primaryImageOfPage":{"@id":"https:\/\/mdfernandez.com\/abogados-divorcios\/#primaryimage"},"image":{"@id":"https:\/\/mdfernandez.com\/abogados-divorcios\/#primaryimage"},"thumbnailUrl":"https:\/\/mdfernandez.com\/\/wp-content\/uploads\/2019\/07\/divorcio.jpg","datePublished":"2016-03-03T16:45:02+00:00","dateModified":"2022-04-13T09:46:29+00:00","description":"Abogados divorcio Matar\u00f3. Maria Dolores Fernandez Sainz de la Maza. Abogada especialista en divorcios en Matar\u00f3 (Barcelona)","breadcrumb":{"@id":"https:\/\/mdfernandez.com\/abogados-divorcios\/#breadcrumb"},"inLanguage":"ca-CA","potentialAction":[{"@type":"ReadAction","target":["https:\/\/mdfernandez.com\/abogados-divorcios\/"]}]},{"@type":"ImageObject","inLanguage":"ca-CA","@id":"https:\/\/mdfernandez.com\/abogados-divorcios\/#primaryimage","url":"https:\/\/mdfernandez.com\/\/wp-content\/uploads\/2019\/07\/divorcio.jpg","contentUrl":"https:\/\/mdfernandez.com\/\/wp-content\/uploads\/2019\/07\/divorcio.jpg"},{"@type":"BreadcrumbList","@id":"https:\/\/mdfernandez.com\/abogados-divorcios\/#breadcrumb","itemListElement":[{"@type":"ListItem","position":1,"name":"Portada","item":"https:\/\/mdfernandez.com\/"},{"@type":"ListItem","position":2,"name":"Abogados divorcios Matar\u00f3"}]},{"@type":"WebSite","@id":"https:\/\/mdfernandez.com\/#website","url":"https:\/\/mdfernandez.com\/","name":"mdfernandez","description":"Abogada Mediadora","potentialAction":[{"@type":"SearchAction","target":{"@type":"EntryPoint","urlTemplate":"https:\/\/mdfernandez.com\/?s={search_term_string}"},"query-input":"required name=search_term_string"}],"inLanguage":"ca-CA"}]}},"_links":{"self":[{"href":"https:\/\/mdfernandez.com\/ca\/wp-json\/wp\/v2\/pages\/22"}],"collection":[{"href":"https:\/\/mdfernandez.com\/ca\/wp-json\/wp\/v2\/pages"}],"about":[{"href":"https:\/\/mdfernandez.com\/ca\/wp-json\/wp\/v2\/types\/page"}],"author":[{"embeddable":true,"href":"https:\/\/mdfernandez.com\/ca\/wp-json\/wp\/v2\/users\/1"}],"replies":[{"embeddable":true,"href":"https:\/\/mdfernandez.com\/ca\/wp-json\/wp\/v2\/comments?post=22"}],"version-history":[{"count":13,"href":"https:\/\/mdfernandez.com\/ca\/wp-json\/wp\/v2\/pages\/22\/revisions"}],"predecessor-version":[{"id":6828,"href":"https:\/\/mdfernandez.com\/ca\/wp-json\/wp\/v2\/pages\/22\/revisions\/6828"}],"wp:attachment":[{"href":"https:\/\/mdfernandez.com\/ca\/wp-json\/wp\/v2\/media?parent=22"}],"curies":[{"name":"wp","href":"https:\/\/api.w.org\/{rel}","templated":true}]}}