{"id":241,"date":"2018-05-28T13:17:48","date_gmt":"2018-05-28T13:17:48","guid":{"rendered":"https:\/\/mdfernandez.com\/?page_id=241"},"modified":"2019-07-30T12:34:14","modified_gmt":"2019-07-30T10:34:14","slug":"politica-de-redes-sociales","status":"publish","type":"page","link":"https:\/\/mdfernandez.com\/ca\/politica-de-xarxes-socials\/","title":{"rendered":"Pol\u00edtica de Redes Sociales"},"content":{"rendered":"<p><\/p>\n<h1>POL\u00cdTICA DE PRIVACITAT XARXES SOCIALS<\/h1>\n<p>De conformitat amb el que estableix la normativa vigent en Protecci\u00f3 de Dades de Car\u00e0cter Personal (RGPD) i la Llei 34\/2002, de 11 de juliol, de Serveis de la Societat de la Informaci\u00f3 i de Comer\u00e7 Electr\u00f2nic (LSSI-CE), MAR\u00cdA DOLORS FERNANDEZ SAINZ informa als usuaris, que ha procedit a crear un perfil a les xarxes socials Facebook, Linkedin, Google+ i twitter amb la finalitat principal de publicitar els seus productes i serveis.<\/p>\n<p>Dades de MAR\u00cdA DOLORS FERNANDEZ SAINZ:<\/p>\n<p>DNI 38789220-L DIRECCI\u00d3: C \/ MONSERRAT 29, 08.302 MATAR\u00d3. BARCELONA CORREU ELECTR\u00d2NIC: MDFERNANDEZ@ICAMAT.ORG DOMINI WEB: WWW.MDFERNANDEZ.COM<\/p>\n<p>L&#8217;usuari disposa d&#8217;un perfil a la mateixa Xarxa Social i ha decidit unir-se a la p\u00e0gina creada per MARIA DOLORS FERNANDEZ SAINZ, mostrant aix\u00ed inter\u00e8s en la informaci\u00f3 que es publiciti a la Xarxa. En unir-se a la nostra p\u00e0gina, ens facilita el seu consentiment per al tractament d&#8217;aquelles dades personals publicades en el seu perfil.<\/p>\n<p>L&#8217;usuari pot accedir en tot moment a les pol\u00edtiques de privacitat de la pr\u00f2pia Xarxa Social, aix\u00ed com configurar el seu perfil per garantir la seva privacitat.<\/p>\n<p>MAR\u00cdA DOLORES FERNANDEZ SAINZ t\u00e9 acc\u00e9s i tracta la informaci\u00f3 p\u00fablica de l&#8217;usuari, especialment, el seu nom de contacte. Aquestes dades, nom\u00e9s s\u00f3n utilitzats dins de la pr\u00f2pia Xarxa Social. No s\u00f3n incorporades a cap fitxer.<\/p>\n<p>En relaci\u00f3 als drets d&#8217;acc\u00e9s, rectificaci\u00f3, cancel\u00b7laci\u00f3 i oposici\u00f3, dels quals vost\u00e8 disposa i que poden ser exercits davant MAR\u00cdA DOLORS FERNANDEZ SAINZ, d&#8217;acord amb el RGPD, ha de tenir en compte els seg\u00fcents matisos:<\/p>\n<p>Acc\u00e9s: Vindr\u00e0 definit per la funcionalitat de la Xarxa Social i la capacitat d&#8217;acc\u00e9s a la informaci\u00f3 dels perfils dels usuaris. Rectificaci\u00f3: nom\u00e9s es satisfer-se en relaci\u00f3 a la informaci\u00f3 que es trobi sota el control d&#8217;MAR\u00cdA DOLORS FERNANDEZ SAINZ, per exemple, eliminar comentaris publicats a la pr\u00f2pia p\u00e0gina. Normalment, aquest dret ha de exercir-lo davant la Xarxa Social. Cancel\u00b7laci\u00f3 i \/ o oposici\u00f3: Com en el cas anterior, nom\u00e9s podr\u00e0 satisfer-se en relaci\u00f3 a la informaci\u00f3 que es trobi sota el control d&#8217;MAR\u00cdA DOLORS FERNANDEZ SAINZ, per exemple, deixar d&#8217;estar unit al perfil.<\/p>\n<p>MAR\u00cdA DOLORES FERNANDEZ SAINZ realitzar\u00e0 les seg\u00fcents actuacions:<\/p>\n<p>Acc\u00e9s a la informaci\u00f3 p\u00fablica del perfil. Publicaci\u00f3 en el perfil de l&#8217;usuari de tota aquella informaci\u00f3 ja publicada a la p\u00e0gina de MAR\u00cdA DOLORS FERNANDEZ SAINZ. Enviar missatges personals i individuals a trav\u00e9s dels canals de la Xarxa Social. Actualitzacions de l&#8217;estat de la p\u00e0gina que es publicaran en el perfil de l&#8217;usuari.<\/p>\n<p>L&#8217;usuari sempre pot controlar les seves connexions, eliminar els continguts que deixin d&#8217;interessar i restringir amb qui comparteix les seves connexions, per a aix\u00f2 haur\u00e0 d&#8217;accedir a la seva configuraci\u00f3 de privacitat.<\/p>\n<p>Publicacions<\/p>\n<p>L&#8217;usuari, un cop unit a la p\u00e0gina d&#8217;MAR\u00cdA DOLORS FERNANDEZ SAINZ, podr\u00e0 publicar en aquesta \u00faltima comentaris, enlla\u00e7os, imatges o fotografies o qualsevol altre tipus de contingut multim\u00e8dia suportat per la Xarxa Social. L&#8217;usuari, en tots els casos, ha de ser el titular dels mateixos, gaudir dels drets d&#8217;autor i de propietat intel\u00b7lectual o comptar amb el consentiment dels tercers afectats. Es prohibeix expressament qualsevol publicaci\u00f3 en la p\u00e0gina, ja siguin textos, gr\u00e0fics, fotografies, v\u00eddeos, etc. que atemptin o siguin susceptibles d&#8217;atemptar contra la moral, l&#8217;\u00e8tica, el bon gust o el dec\u00f2rum, i \/ o que infringeixin, violin o infringeixin els drets de propietat intel\u00b7lectual o industrial, el dret a la imatge o la Llei. En aquests casos , MAR\u00cdA DOLORES FERNANDEZ SAINZ es reserva el dret a retirar immediatament el contingut, podent sol\u00b7licitar el bloqueig permanent de l&#8217;usuari.<\/p>\n<p>MAR\u00cdA DOLORES FERNANDEZ SAINZ no es far\u00e0 responsable dels continguts que lliurement ha publicat un usuari.<\/p>\n<p>L&#8217;usuari ha de tenir present que les seves publicacions seran conegudes pels altres usuaris, de manera que ell mateix \u00e9s el principal responsable de la seva privacitat.<\/p>\n<p>Les imatges es puguin publicar en la p\u00e0gina no seran emmagatzemades a cap fitxer per part de MAR\u00cdA DOLORS FERNANDEZ SAINZ, per\u00f2 s\u00ed que romandran a la Xarxa Social.<\/p>\n<p>Concursos i promocions<\/p>\n<p>MAR\u00cdA DOLORES FERNANDEZ SAINZ es reserva el dret a realitzar concursos i promocions, en els quals podr\u00e0 participar l&#8217;usuari unit a la seva p\u00e0gina. Les bases de cada un d&#8217;ells, quan s&#8217;utilitzi per a aix\u00f2 la plataforma de la Xarxa Social, seran publicades a la mateixa. Complint sempre amb la LSSI-CE i amb qualsevol altra norma que li sigui d&#8217;aplicaci\u00f3.<\/p>\n<p>La Xarxa Social no patrocina, avala ni administra, de cap manera, cap de les nostres promocions, ni est\u00e0 associada a cap d&#8217;elles.<\/p>\n<p>Publicitat<\/p>\n<p>MAR\u00cdA DOLORES FERNANDEZ SAINZ utilitzar\u00e0 la Xarxa Social per publicitar els seus productes i serveis, en tot cas, si decideix tractar les seves dades de contacte per a realitzar accions directes de prospecci\u00f3 comercial, ser\u00e0 sempre, complint amb les exig\u00e8ncies legals del RGPD i de la LSSICE.<\/p>\n<p>No es considera publicitat el fet de recomanar a altres usuaris la p\u00e0gina de MAR\u00cdA DOLORES FERNANDEZ SAINZ perqu\u00e8 tamb\u00e9 ells puguin gaudir de les promocions o estar informats de la seva activitat.<\/p>\n<p>A continuaci\u00f3 detallem l&#8217;enlla\u00e7 a la pol\u00edtica de privacitat de la Xarxa Social:<\/p>\n<ul>\n<li>Facebook: https:\/\/www.facebook.com\/help\/323540651073243\/<\/li>\n<li>Linkedin: http:\/\/www.linkedin.com\/legal\/privacy-policy?trk=hb_ft_priv<\/li>\n<li>Google +: http:\/\/www.google.com\/intl\/es\/policies\/privacy\/<\/li>\n<li>Twitter: https:\/\/twitter.com\/es\/privacy<\/li>\n<\/ul>\n<p><\/p>","protected":false},"excerpt":{"rendered":"<p>POL\u00cdTICA DE PRIVACITAT XARXES SOCIALS De conformitat amb el que estableix la normativa vigent en Protecci\u00f3 de Dades de Car\u00e0cter Personal (RGPD) i la Llei 34\/2002, de [&hellip;]<\/p>\n","protected":false},"author":1,"featured_media":0,"parent":0,"menu_order":0,"comment_status":"closed","ping_status":"closed","template":"","meta":{"footnotes":""},"class_list":["post-241","page","type-page","status-publish","hentry"],"yoast_head":"<!-- This site is optimized with the Yoast SEO plugin v23.2 - https:\/\/yoast.com\/wordpress\/plugins\/seo\/ -->\n<title>Pol\u00edtica de privacidad de redes sociales MD Fernandez<\/title>\n<meta name=\"robots\" content=\"noindex, nofollow\" \/>\n<meta property=\"og:locale\" content=\"en_US\" \/>\n<meta property=\"og:type\" content=\"article\" \/>\n<meta property=\"og:title\" content=\"Pol\u00edtica de privacidad de redes sociales MD Fernandez\" \/>\n<meta property=\"og:description\" content=\"POL\u00cdTICA DE PRIVACITAT XARXES SOCIALS De conformitat amb el que estableix la normativa vigent en Protecci\u00f3 de Dades de Car\u00e0cter Personal (RGPD) i la Llei 34\/2002, de [&hellip;]\" \/>\n<meta property=\"og:url\" content=\"https:\/\/mdfernandez.com\/politica-de-redes-sociales\/\" \/>\n<meta property=\"og:site_name\" content=\"mdfernandez\" \/>\n<meta property=\"article:modified_time\" content=\"2019-07-30T10:34:14+00:00\" \/>\n<meta name=\"twitter:card\" content=\"summary_large_image\" \/>\n<meta name=\"twitter:label1\" content=\"Est. reading time\" \/>\n\t<meta name=\"twitter:data1\" content=\"9 minutes\" \/>\n<script type=\"application\/ld+json\" class=\"yoast-schema-graph\">{\"@context\":\"https:\/\/schema.org\",\"@graph\":[{\"@type\":\"WebPage\",\"@id\":\"https:\/\/mdfernandez.com\/politica-de-redes-sociales\/\",\"url\":\"https:\/\/mdfernandez.com\/politica-de-redes-sociales\/\",\"name\":\"Pol\u00edtica de privacidad de redes sociales MD Fernandez\",\"isPartOf\":{\"@id\":\"https:\/\/mdfernandez.com\/#website\"},\"datePublished\":\"2018-05-28T13:17:48+00:00\",\"dateModified\":\"2019-07-30T10:34:14+00:00\",\"breadcrumb\":{\"@id\":\"https:\/\/mdfernandez.com\/politica-de-redes-sociales\/#breadcrumb\"},\"inLanguage\":\"ca-CA\",\"potentialAction\":[{\"@type\":\"ReadAction\",\"target\":[\"https:\/\/mdfernandez.com\/politica-de-redes-sociales\/\"]}]},{\"@type\":\"BreadcrumbList\",\"@id\":\"https:\/\/mdfernandez.com\/politica-de-redes-sociales\/#breadcrumb\",\"itemListElement\":[{\"@type\":\"ListItem\",\"position\":1,\"name\":\"Portada\",\"item\":\"https:\/\/mdfernandez.com\/\"},{\"@type\":\"ListItem\",\"position\":2,\"name\":\"Pol\u00edtica de Redes Sociales\"}]},{\"@type\":\"WebSite\",\"@id\":\"https:\/\/mdfernandez.com\/#website\",\"url\":\"https:\/\/mdfernandez.com\/\",\"name\":\"mdfernandez\",\"description\":\"Abogada Mediadora\",\"potentialAction\":[{\"@type\":\"SearchAction\",\"target\":{\"@type\":\"EntryPoint\",\"urlTemplate\":\"https:\/\/mdfernandez.com\/?s={search_term_string}\"},\"query-input\":\"required name=search_term_string\"}],\"inLanguage\":\"ca-CA\"}]}<\/script>\n<!-- \/ Yoast SEO plugin. -->","yoast_head_json":{"title":"Pol\u00edtica de privacidad de redes sociales MD Fernandez","robots":{"index":"noindex","follow":"nofollow"},"og_locale":"en_US","og_type":"article","og_title":"Pol\u00edtica de privacidad de redes sociales MD Fernandez","og_description":"POL\u00cdTICA DE PRIVACITAT XARXES SOCIALS De conformitat amb el que estableix la normativa vigent en Protecci\u00f3 de Dades de Car\u00e0cter Personal (RGPD) i la Llei 34\/2002, de [&hellip;]","og_url":"https:\/\/mdfernandez.com\/politica-de-redes-sociales\/","og_site_name":"mdfernandez","article_modified_time":"2019-07-30T10:34:14+00:00","twitter_card":"summary_large_image","twitter_misc":{"Est. reading time":"9 minutes"},"schema":{"@context":"https:\/\/schema.org","@graph":[{"@type":"WebPage","@id":"https:\/\/mdfernandez.com\/politica-de-redes-sociales\/","url":"https:\/\/mdfernandez.com\/politica-de-redes-sociales\/","name":"Pol\u00edtica de privacidad de redes sociales MD Fernandez","isPartOf":{"@id":"https:\/\/mdfernandez.com\/#website"},"datePublished":"2018-05-28T13:17:48+00:00","dateModified":"2019-07-30T10:34:14+00:00","breadcrumb":{"@id":"https:\/\/mdfernandez.com\/politica-de-redes-sociales\/#breadcrumb"},"inLanguage":"ca-CA","potentialAction":[{"@type":"ReadAction","target":["https:\/\/mdfernandez.com\/politica-de-redes-sociales\/"]}]},{"@type":"BreadcrumbList","@id":"https:\/\/mdfernandez.com\/politica-de-redes-sociales\/#breadcrumb","itemListElement":[{"@type":"ListItem","position":1,"name":"Portada","item":"https:\/\/mdfernandez.com\/"},{"@type":"ListItem","position":2,"name":"Pol\u00edtica de Redes Sociales"}]},{"@type":"WebSite","@id":"https:\/\/mdfernandez.com\/#website","url":"https:\/\/mdfernandez.com\/","name":"mdfernandez","description":"Abogada Mediadora","potentialAction":[{"@type":"SearchAction","target":{"@type":"EntryPoint","urlTemplate":"https:\/\/mdfernandez.com\/?s={search_term_string}"},"query-input":"required name=search_term_string"}],"inLanguage":"ca-CA"}]}},"_links":{"self":[{"href":"https:\/\/mdfernandez.com\/ca\/wp-json\/wp\/v2\/pages\/241","targetHints":{"allow":["GET"]}}],"collection":[{"href":"https:\/\/mdfernandez.com\/ca\/wp-json\/wp\/v2\/pages"}],"about":[{"href":"https:\/\/mdfernandez.com\/ca\/wp-json\/wp\/v2\/types\/page"}],"author":[{"embeddable":true,"href":"https:\/\/mdfernandez.com\/ca\/wp-json\/wp\/v2\/users\/1"}],"replies":[{"embeddable":true,"href":"https:\/\/mdfernandez.com\/ca\/wp-json\/wp\/v2\/comments?post=241"}],"version-history":[{"count":1,"href":"https:\/\/mdfernandez.com\/ca\/wp-json\/wp\/v2\/pages\/241\/revisions"}],"predecessor-version":[{"id":6708,"href":"https:\/\/mdfernandez.com\/ca\/wp-json\/wp\/v2\/pages\/241\/revisions\/6708"}],"wp:attachment":[{"href":"https:\/\/mdfernandez.com\/ca\/wp-json\/wp\/v2\/media?parent=241"}],"curies":[{"name":"wp","href":"https:\/\/api.w.org\/{rel}","templated":true}]}}