{"id":243,"date":"2018-05-28T13:18:24","date_gmt":"2018-05-28T13:18:24","guid":{"rendered":"https:\/\/mdfernandez.com\/?page_id=243"},"modified":"2019-07-30T12:34:06","modified_gmt":"2019-07-30T10:34:06","slug":"politica-de-privacidad","status":"publish","type":"page","link":"https:\/\/mdfernandez.com\/ca\/politica-de-privacitat\/","title":{"rendered":"Pol\u00edtica de Privacidad"},"content":{"rendered":"<p><\/p>\n<h1>Pol\u00edtica de Privacitat<\/h1>\n<h2><strong>CL\u00c0USULA INFORMATIVA RGPD I LSSI-CE<\/strong><\/h2>\n<p>De conformitat amb el que estableix la normativa vigent en Protecci\u00f3 de Dades de Car\u00e0cter Personal, l&#8217;informem que les seves dades seran incorporades al sistema de tractament titularitat de MARIA DOLORS FERNANDEZ SAINZ amb DNI 38789220-L i domicili social situat en C \/ MONSERRAT 29, 08.302 MATAR\u00d3. BARCELONA, amb la finalitat de poder atendre els compromisos derivats de la relaci\u00f3 que mantenim amb vost\u00e8. En compliment amb la normativa vigent, MAR\u00cdA DOLORES FERNANDEZ SAINZ informa que les dades seran conservades durant el termini estrictament necessari per complir amb els preceptes esmentats anteriorment.<\/p>\n<p>MAR\u00cdA DOLORES FERNANDEZ SAINZ informa que procedir\u00e0 a tractar les dades de manera l\u00edcita, lleial, transparent, adequada, pertinent, limitada, exacta i actualitzada. \u00c9s per aix\u00f2 que MAR\u00cdA DOLORS FERNANDEZ SAINZ es compromet a adoptar totes les mesures raonables perqu\u00e8 aquests es suprimeixin o rectifiquin sense dilaci\u00f3 quan siguin inexactes.<\/p>\n<p>D&#8217;acord amb els drets que li confereix la normativa vigent en protecci\u00f3 de dades podr\u00e0 exercir els drets d&#8217;acc\u00e9s, rectificaci\u00f3, limitaci\u00f3 de tractament, supressi\u00f3, portabilitat i oposici\u00f3 al tractament de les seves dades de car\u00e0cter personal aix\u00ed com del consentiment prestat per al tractament de els mateixos, dirigint la seva petici\u00f3 a l&#8217;adre\u00e7a postal indicada m\u00e9s amunt o al correu electr\u00f2nic MDFERNANDEZ@ICAMAT.ORG<\/p>\n<p>Aix\u00ed mateix i d&#8217;acord amb el que estableix la Llei 34\/2002, de 11 de juliol, de Serveis de la Societat de la Informaci\u00f3 i de Comer\u00e7 Electr\u00f2nic, en el seu article 21, sol\u00b7licitem tamb\u00e9 el seu consentiment expr\u00e9s per enviar-li publicitat dels nostres productes o promocions que considerem puguin ser del seu inter\u00e8s, per correu electr\u00f2nic o per qualsevol altre mitj\u00e0 de comunicaci\u00f3 electr\u00f2nica equivalent<\/p>\n<p>L&#8217;informem que podr\u00e0 revocar en qualsevol moment el consentiment prestat a la recepci\u00f3 de comunicacions comercials enviant un correu electr\u00f2nic a l&#8217;adre\u00e7a de correu electr\u00f2nic: MDFERNANDEZ@ICAMAT.ORG.<\/p>\n<p>Nom i cognoms o Ra\u00f3 social:<\/p>\n<p>DNI o CIF:<\/p>\n<p>Signatura de l&#8217;interessat.<\/p>","protected":false},"excerpt":{"rendered":"<p>Pol\u00edtica de Privacitat CL\u00c0USULA INFORMATIVA RGPD I LSSI-CE De conformitat amb el que estableix la normativa vigent en Protecci\u00f3 de Dades de Car\u00e0cter Personal, l&#8217;informem que les [&hellip;]<\/p>\n","protected":false},"author":1,"featured_media":0,"parent":0,"menu_order":0,"comment_status":"closed","ping_status":"closed","template":"","meta":{"footnotes":""},"class_list":["post-243","page","type-page","status-publish","hentry"],"yoast_head":"<!-- This site is optimized with the Yoast SEO plugin v23.2 - https:\/\/yoast.com\/wordpress\/plugins\/seo\/ -->\n<title>Pol\u00edtica de privacidad MD Fernandez<\/title>\n<meta name=\"robots\" content=\"noindex, nofollow\" \/>\n<meta property=\"og:locale\" content=\"en_US\" \/>\n<meta property=\"og:type\" content=\"article\" \/>\n<meta property=\"og:title\" content=\"Pol\u00edtica de privacidad MD Fernandez\" \/>\n<meta property=\"og:description\" content=\"Pol\u00edtica de Privacitat CL\u00c0USULA INFORMATIVA RGPD I LSSI-CE De conformitat amb el que estableix la normativa vigent en Protecci\u00f3 de Dades de Car\u00e0cter Personal, l&#8217;informem que les [&hellip;]\" \/>\n<meta property=\"og:url\" content=\"https:\/\/mdfernandez.com\/politica-de-privacidad\/\" \/>\n<meta property=\"og:site_name\" content=\"mdfernandez\" \/>\n<meta property=\"article:modified_time\" content=\"2019-07-30T10:34:06+00:00\" \/>\n<meta name=\"twitter:card\" content=\"summary_large_image\" \/>\n<meta name=\"twitter:label1\" content=\"Est. reading time\" \/>\n\t<meta name=\"twitter:data1\" content=\"3 minutes\" \/>\n<script type=\"application\/ld+json\" class=\"yoast-schema-graph\">{\"@context\":\"https:\/\/schema.org\",\"@graph\":[{\"@type\":\"WebPage\",\"@id\":\"https:\/\/mdfernandez.com\/politica-de-privacidad\/\",\"url\":\"https:\/\/mdfernandez.com\/politica-de-privacidad\/\",\"name\":\"Pol\u00edtica de privacidad MD Fernandez\",\"isPartOf\":{\"@id\":\"https:\/\/mdfernandez.com\/#website\"},\"datePublished\":\"2018-05-28T13:18:24+00:00\",\"dateModified\":\"2019-07-30T10:34:06+00:00\",\"breadcrumb\":{\"@id\":\"https:\/\/mdfernandez.com\/politica-de-privacidad\/#breadcrumb\"},\"inLanguage\":\"ca-CA\",\"potentialAction\":[{\"@type\":\"ReadAction\",\"target\":[\"https:\/\/mdfernandez.com\/politica-de-privacidad\/\"]}]},{\"@type\":\"BreadcrumbList\",\"@id\":\"https:\/\/mdfernandez.com\/politica-de-privacidad\/#breadcrumb\",\"itemListElement\":[{\"@type\":\"ListItem\",\"position\":1,\"name\":\"Portada\",\"item\":\"https:\/\/mdfernandez.com\/\"},{\"@type\":\"ListItem\",\"position\":2,\"name\":\"Pol\u00edtica de Privacidad\"}]},{\"@type\":\"WebSite\",\"@id\":\"https:\/\/mdfernandez.com\/#website\",\"url\":\"https:\/\/mdfernandez.com\/\",\"name\":\"mdfernandez\",\"description\":\"Abogada Mediadora\",\"potentialAction\":[{\"@type\":\"SearchAction\",\"target\":{\"@type\":\"EntryPoint\",\"urlTemplate\":\"https:\/\/mdfernandez.com\/?s={search_term_string}\"},\"query-input\":\"required name=search_term_string\"}],\"inLanguage\":\"ca-CA\"}]}<\/script>\n<!-- \/ Yoast SEO plugin. -->","yoast_head_json":{"title":"Pol\u00edtica de privacidad MD Fernandez","robots":{"index":"noindex","follow":"nofollow"},"og_locale":"en_US","og_type":"article","og_title":"Pol\u00edtica de privacidad MD Fernandez","og_description":"Pol\u00edtica de Privacitat CL\u00c0USULA INFORMATIVA RGPD I LSSI-CE De conformitat amb el que estableix la normativa vigent en Protecci\u00f3 de Dades de Car\u00e0cter Personal, l&#8217;informem que les [&hellip;]","og_url":"https:\/\/mdfernandez.com\/politica-de-privacidad\/","og_site_name":"mdfernandez","article_modified_time":"2019-07-30T10:34:06+00:00","twitter_card":"summary_large_image","twitter_misc":{"Est. reading time":"3 minutes"},"schema":{"@context":"https:\/\/schema.org","@graph":[{"@type":"WebPage","@id":"https:\/\/mdfernandez.com\/politica-de-privacidad\/","url":"https:\/\/mdfernandez.com\/politica-de-privacidad\/","name":"Pol\u00edtica de privacidad MD Fernandez","isPartOf":{"@id":"https:\/\/mdfernandez.com\/#website"},"datePublished":"2018-05-28T13:18:24+00:00","dateModified":"2019-07-30T10:34:06+00:00","breadcrumb":{"@id":"https:\/\/mdfernandez.com\/politica-de-privacidad\/#breadcrumb"},"inLanguage":"ca-CA","potentialAction":[{"@type":"ReadAction","target":["https:\/\/mdfernandez.com\/politica-de-privacidad\/"]}]},{"@type":"BreadcrumbList","@id":"https:\/\/mdfernandez.com\/politica-de-privacidad\/#breadcrumb","itemListElement":[{"@type":"ListItem","position":1,"name":"Portada","item":"https:\/\/mdfernandez.com\/"},{"@type":"ListItem","position":2,"name":"Pol\u00edtica de Privacidad"}]},{"@type":"WebSite","@id":"https:\/\/mdfernandez.com\/#website","url":"https:\/\/mdfernandez.com\/","name":"mdfernandez","description":"Abogada Mediadora","potentialAction":[{"@type":"SearchAction","target":{"@type":"EntryPoint","urlTemplate":"https:\/\/mdfernandez.com\/?s={search_term_string}"},"query-input":"required name=search_term_string"}],"inLanguage":"ca-CA"}]}},"_links":{"self":[{"href":"https:\/\/mdfernandez.com\/ca\/wp-json\/wp\/v2\/pages\/243","targetHints":{"allow":["GET"]}}],"collection":[{"href":"https:\/\/mdfernandez.com\/ca\/wp-json\/wp\/v2\/pages"}],"about":[{"href":"https:\/\/mdfernandez.com\/ca\/wp-json\/wp\/v2\/types\/page"}],"author":[{"embeddable":true,"href":"https:\/\/mdfernandez.com\/ca\/wp-json\/wp\/v2\/users\/1"}],"replies":[{"embeddable":true,"href":"https:\/\/mdfernandez.com\/ca\/wp-json\/wp\/v2\/comments?post=243"}],"version-history":[{"count":1,"href":"https:\/\/mdfernandez.com\/ca\/wp-json\/wp\/v2\/pages\/243\/revisions"}],"predecessor-version":[{"id":6707,"href":"https:\/\/mdfernandez.com\/ca\/wp-json\/wp\/v2\/pages\/243\/revisions\/6707"}],"wp:attachment":[{"href":"https:\/\/mdfernandez.com\/ca\/wp-json\/wp\/v2\/media?parent=243"}],"curies":[{"name":"wp","href":"https:\/\/api.w.org\/{rel}","templated":true}]}}