{"id":26,"date":"2016-03-03T16:46:41","date_gmt":"2016-03-03T16:46:41","guid":{"rendered":"http:\/\/mdfernandez.com\/newproject\/?page_id=26"},"modified":"2022-04-05T16:33:41","modified_gmt":"2022-04-05T14:33:41","slug":"abogados-herencias","status":"publish","type":"page","link":"https:\/\/mdfernandez.com\/ca\/advocats-herencies\/","title":{"rendered":"Advocats d&#8217;her\u00e8ncies"},"content":{"rendered":"<p>[vc_row][vc_column][vc_column_text]<\/p>\n<p style=\"text-align: justify;\">Tant per assegurar-se que el que disposa el seu testament entra dins de la legalitat com per evitar que la futura lectura del mateix doni lloc a possibles controv\u00e8rsies resulta fonamental comptar amb l\u2019assessorament d\u2019un bon <strong>advocat d\u2019her\u00e8ncia<\/strong>.<\/p>\n<p style=\"text-align: justify;\">En MDF Advocats, per sort, comptem amb el millor bufet d\u2019advocats de Barcelona especialistes en Dret de successions, aquella branca del Dret privat que estableix la successi\u00f3 mortis causa i determina el dest\u00ed dels b\u00e9ns del difunt o causant. Gr\u00e0cies als nostres <a href=\"\/\">advocats a Matar\u00f3<\/a> vost\u00e8 podr\u00e0 realitzar els tr\u00e0mits necessaris per <strong>establir el seu testament o un llegat, portar a terme la partici\u00f3 d\u2019una her\u00e8ncia, nomenar un marmessor, acceptar una her\u00e8ncia, procedir al desheretament de qualsevol dels seus hereus for\u00e7osos<\/strong> als quals per llei hauria de pert\u00e0nyer-la lleg\u00edtima, etc.<\/p>\n<p><img loading=\"lazy\" decoding=\"async\" class=\"alignleft wp-image-109 size-full\" src=\"https:\/\/mdfernandez.com\/wp-content\/uploads\/2016\/03\/img8.png\" alt=\"herencia\" width=\"540\" height=\"200\" \/><\/p>\n<p style=\"text-align: justify;\">Per\u00f2 que \u00e9s la leg\u00edtima? I qui s\u00f3n a els hereus for\u00e7osos? Quin valor \u00e9s D\u00f3na ALS bens heretats? He de pagar Dret de successi\u00f3 i m\u00e9s V\u00e0lua?. Quin Termini tinc per Fer a els tr\u00e0mits?. En un testament ENS Podem TROBAR hereus, universals i legitimaris. Els legitimaris Tant podin ser Els Fills del causant ia falta d\u2019ELLS a els ascendents.<\/p>\n<p style=\"text-align: justify;\">La reclamaci\u00f3 de la lleg\u00edtima t\u00e9 una vig\u00e8ncia de 10 anys des del dia de la mort del causant. Es pot desheretar un hereu for\u00e7\u00f3s. Com cobrament la leg\u00edtima, en diners, en b\u00e9ns ?. Qu\u00e8 passa que el causant no ha atorgat testament?<\/p>\n<h2 style=\"text-align: justify; padding-top: 30px;\">Her\u00e8ncia familiar<\/h2>\n<p style=\"text-align: justify;\">Localitzats a <strong>Matar\u00f3<\/strong>, en MDF Advocats trobar\u00e0 l\u2019assessorament i la professionalitat que busca per dur a terme la redacci\u00f3 del seu testament, el desheretament o qualsevol altre tr\u00e0mit relacionat amb el Dret successori. De la mateixa manera, els nostres <strong>advocats d\u2019her\u00e8ncies<\/strong> tamb\u00e9 s\u2019encarregaran de defensar els drets de l\u2019hereu en cas que aquests es vegin vulnerats tant per part del testador com de la resta d\u2019testamentaris i \/ o hereus.<\/p>\n<p style=\"text-align: justify;\"><strong>El nostre bufet d\u2019advocats realitza cada any m\u00e9s de 100 tr\u00e0mits relatius al Dret de successions i tots amb resultats beneficiosos per als nostres clients<\/strong>. A m\u00e9s, gr\u00e0cies al nostre equip multidisciplinari vost\u00e8 podr\u00e0 disposar d\u2019un <a href=\"\/abogados-familia\/\">advocat de fam\u00edlia<\/a>, de divorci o matrimonial que s\u2019encarregui de resoldre-li qualsevol dubte o l\u2019assessori en cas de necessitat.<\/p>\n<p>[\/vc_column_text][\/vc_column][\/vc_row]<\/p>","protected":false},"excerpt":{"rendered":"<p>[vc_row][vc_column][vc_column_text] Tant per assegurar-se que el que disposa el seu testament entra dins de la legalitat com per evitar que la futura lectura del mateix doni lloc [&hellip;]<\/p>\n","protected":false},"author":1,"featured_media":0,"parent":0,"menu_order":0,"comment_status":"closed","ping_status":"closed","template":"","meta":{"footnotes":""},"class_list":["post-26","page","type-page","status-publish","hentry"],"yoast_head":"<!-- This site is optimized with the Yoast SEO plugin v23.2 - https:\/\/yoast.com\/wordpress\/plugins\/seo\/ -->\n<title>Abogados herencias Matar\u00f3 (Barcelona)<\/title>\n<meta name=\"description\" content=\"Abogados de herencias de Matar\u00f3. Maria Dolores Fernandez Sainz de la Maza. Abogada especialista en herencias de Barcelona\" \/>\n<meta name=\"robots\" content=\"index, follow, max-snippet:-1, max-image-preview:large, max-video-preview:-1\" \/>\n<link rel=\"canonical\" href=\"https:\/\/mdfernandez.com\/abogados-herencias\/\" \/>\n<meta property=\"og:locale\" content=\"en_US\" \/>\n<meta property=\"og:type\" content=\"article\" \/>\n<meta property=\"og:title\" content=\"Abogados herencias Matar\u00f3 (Barcelona)\" \/>\n<meta property=\"og:description\" content=\"Abogados de herencias de Matar\u00f3. Maria Dolores Fernandez Sainz de la Maza. Abogada especialista en herencias de Barcelona\" \/>\n<meta property=\"og:url\" content=\"https:\/\/mdfernandez.com\/abogados-herencias\/\" \/>\n<meta property=\"og:site_name\" content=\"mdfernandez\" \/>\n<meta property=\"article:modified_time\" content=\"2022-04-05T14:33:41+00:00\" \/>\n<meta property=\"og:image\" content=\"https:\/\/mdfernandez.com\/\/wp-content\/uploads\/2019\/07\/abogados-herencia-1024x682.jpg\" \/>\n<meta name=\"twitter:card\" content=\"summary_large_image\" \/>\n<meta name=\"twitter:label1\" content=\"Est. reading time\" \/>\n\t<meta name=\"twitter:data1\" content=\"7 minutes\" \/>\n<script type=\"application\/ld+json\" class=\"yoast-schema-graph\">{\"@context\":\"https:\/\/schema.org\",\"@graph\":[{\"@type\":\"WebPage\",\"@id\":\"https:\/\/mdfernandez.com\/abogados-herencias\/\",\"url\":\"https:\/\/mdfernandez.com\/abogados-herencias\/\",\"name\":\"Abogados herencias Matar\u00f3 (Barcelona)\",\"isPartOf\":{\"@id\":\"https:\/\/mdfernandez.com\/#website\"},\"primaryImageOfPage\":{\"@id\":\"https:\/\/mdfernandez.com\/abogados-herencias\/#primaryimage\"},\"image\":{\"@id\":\"https:\/\/mdfernandez.com\/abogados-herencias\/#primaryimage\"},\"thumbnailUrl\":\"https:\/\/mdfernandez.com\/\/wp-content\/uploads\/2019\/07\/abogados-herencia-1024x682.jpg\",\"datePublished\":\"2016-03-03T16:46:41+00:00\",\"dateModified\":\"2022-04-05T14:33:41+00:00\",\"description\":\"Abogados de herencias de Matar\u00f3. Maria Dolores Fernandez Sainz de la Maza. Abogada especialista en herencias de Barcelona\",\"breadcrumb\":{\"@id\":\"https:\/\/mdfernandez.com\/abogados-herencias\/#breadcrumb\"},\"inLanguage\":\"ca-CA\",\"potentialAction\":[{\"@type\":\"ReadAction\",\"target\":[\"https:\/\/mdfernandez.com\/abogados-herencias\/\"]}]},{\"@type\":\"ImageObject\",\"inLanguage\":\"ca-CA\",\"@id\":\"https:\/\/mdfernandez.com\/abogados-herencias\/#primaryimage\",\"url\":\"https:\/\/mdfernandez.com\/\/wp-content\/uploads\/2019\/07\/abogados-herencia-1024x682.jpg\",\"contentUrl\":\"https:\/\/mdfernandez.com\/\/wp-content\/uploads\/2019\/07\/abogados-herencia-1024x682.jpg\"},{\"@type\":\"BreadcrumbList\",\"@id\":\"https:\/\/mdfernandez.com\/abogados-herencias\/#breadcrumb\",\"itemListElement\":[{\"@type\":\"ListItem\",\"position\":1,\"name\":\"Portada\",\"item\":\"https:\/\/mdfernandez.com\/\"},{\"@type\":\"ListItem\",\"position\":2,\"name\":\"Abogados de herencias\"}]},{\"@type\":\"WebSite\",\"@id\":\"https:\/\/mdfernandez.com\/#website\",\"url\":\"https:\/\/mdfernandez.com\/\",\"name\":\"mdfernandez\",\"description\":\"Abogada Mediadora\",\"potentialAction\":[{\"@type\":\"SearchAction\",\"target\":{\"@type\":\"EntryPoint\",\"urlTemplate\":\"https:\/\/mdfernandez.com\/?s={search_term_string}\"},\"query-input\":\"required name=search_term_string\"}],\"inLanguage\":\"ca-CA\"}]}<\/script>\n<!-- \/ Yoast SEO plugin. -->","yoast_head_json":{"title":"Abogados herencias Matar\u00f3 (Barcelona)","description":"Abogados de herencias de Matar\u00f3. Maria Dolores Fernandez Sainz de la Maza. Abogada especialista en herencias de Barcelona","robots":{"index":"index","follow":"follow","max-snippet":"max-snippet:-1","max-image-preview":"max-image-preview:large","max-video-preview":"max-video-preview:-1"},"canonical":"https:\/\/mdfernandez.com\/abogados-herencias\/","og_locale":"en_US","og_type":"article","og_title":"Abogados herencias Matar\u00f3 (Barcelona)","og_description":"Abogados de herencias de Matar\u00f3. Maria Dolores Fernandez Sainz de la Maza. Abogada especialista en herencias de Barcelona","og_url":"https:\/\/mdfernandez.com\/abogados-herencias\/","og_site_name":"mdfernandez","article_modified_time":"2022-04-05T14:33:41+00:00","og_image":[{"url":"https:\/\/mdfernandez.com\/\/wp-content\/uploads\/2019\/07\/abogados-herencia-1024x682.jpg"}],"twitter_card":"summary_large_image","twitter_misc":{"Est. reading time":"7 minutes"},"schema":{"@context":"https:\/\/schema.org","@graph":[{"@type":"WebPage","@id":"https:\/\/mdfernandez.com\/abogados-herencias\/","url":"https:\/\/mdfernandez.com\/abogados-herencias\/","name":"Abogados herencias Matar\u00f3 (Barcelona)","isPartOf":{"@id":"https:\/\/mdfernandez.com\/#website"},"primaryImageOfPage":{"@id":"https:\/\/mdfernandez.com\/abogados-herencias\/#primaryimage"},"image":{"@id":"https:\/\/mdfernandez.com\/abogados-herencias\/#primaryimage"},"thumbnailUrl":"https:\/\/mdfernandez.com\/\/wp-content\/uploads\/2019\/07\/abogados-herencia-1024x682.jpg","datePublished":"2016-03-03T16:46:41+00:00","dateModified":"2022-04-05T14:33:41+00:00","description":"Abogados de herencias de Matar\u00f3. Maria Dolores Fernandez Sainz de la Maza. Abogada especialista en herencias de Barcelona","breadcrumb":{"@id":"https:\/\/mdfernandez.com\/abogados-herencias\/#breadcrumb"},"inLanguage":"ca-CA","potentialAction":[{"@type":"ReadAction","target":["https:\/\/mdfernandez.com\/abogados-herencias\/"]}]},{"@type":"ImageObject","inLanguage":"ca-CA","@id":"https:\/\/mdfernandez.com\/abogados-herencias\/#primaryimage","url":"https:\/\/mdfernandez.com\/\/wp-content\/uploads\/2019\/07\/abogados-herencia-1024x682.jpg","contentUrl":"https:\/\/mdfernandez.com\/\/wp-content\/uploads\/2019\/07\/abogados-herencia-1024x682.jpg"},{"@type":"BreadcrumbList","@id":"https:\/\/mdfernandez.com\/abogados-herencias\/#breadcrumb","itemListElement":[{"@type":"ListItem","position":1,"name":"Portada","item":"https:\/\/mdfernandez.com\/"},{"@type":"ListItem","position":2,"name":"Abogados de herencias"}]},{"@type":"WebSite","@id":"https:\/\/mdfernandez.com\/#website","url":"https:\/\/mdfernandez.com\/","name":"mdfernandez","description":"Abogada Mediadora","potentialAction":[{"@type":"SearchAction","target":{"@type":"EntryPoint","urlTemplate":"https:\/\/mdfernandez.com\/?s={search_term_string}"},"query-input":"required name=search_term_string"}],"inLanguage":"ca-CA"}]}},"_links":{"self":[{"href":"https:\/\/mdfernandez.com\/ca\/wp-json\/wp\/v2\/pages\/26","targetHints":{"allow":["GET"]}}],"collection":[{"href":"https:\/\/mdfernandez.com\/ca\/wp-json\/wp\/v2\/pages"}],"about":[{"href":"https:\/\/mdfernandez.com\/ca\/wp-json\/wp\/v2\/types\/page"}],"author":[{"embeddable":true,"href":"https:\/\/mdfernandez.com\/ca\/wp-json\/wp\/v2\/users\/1"}],"replies":[{"embeddable":true,"href":"https:\/\/mdfernandez.com\/ca\/wp-json\/wp\/v2\/comments?post=26"}],"version-history":[{"count":10,"href":"https:\/\/mdfernandez.com\/ca\/wp-json\/wp\/v2\/pages\/26\/revisions"}],"predecessor-version":[{"id":6826,"href":"https:\/\/mdfernandez.com\/ca\/wp-json\/wp\/v2\/pages\/26\/revisions\/6826"}],"wp:attachment":[{"href":"https:\/\/mdfernandez.com\/ca\/wp-json\/wp\/v2\/media?parent=26"}],"curies":[{"name":"wp","href":"https:\/\/api.w.org\/{rel}","templated":true}]}}