{"id":28,"date":"2016-03-03T16:47:23","date_gmt":"2016-03-03T16:47:23","guid":{"rendered":"http:\/\/mdfernandez.com\/newproject\/?page_id=28"},"modified":"2022-03-10T17:13:54","modified_gmt":"2022-03-10T16:13:54","slug":"abogados-matrimonialistas","status":"publish","type":"page","link":"https:\/\/mdfernandez.com\/ca\/advocats-matrimonialistes\/","title":{"rendered":"Advocats matrimonialistes"},"content":{"rendered":"<p>[vc_row][vc_column][vc_column_text]<\/p>\n<p style=\"text-align: justify;\"><span id=\"result_box\" class=\"\" lang=\"ca\"><span class=\"hps\">Gr\u00e0cies a la seva<\/span> <span class=\"hps\">gran capacitat<\/span> <span class=\"hps\">de mediaci\u00f3<\/span> <span class=\"hps\">Maria Dolors<\/span> <span class=\"hps\">Fern\u00e1ndez<\/span> <span class=\"hps\">Sainz de<\/span> <span class=\"hps\">la Maza<\/span>, <span class=\"hps\">directora<\/span> <span class=\"hps\">de MDF<\/span> <span class=\"hps\">Advocats<\/span>, <span class=\"hps\">ha<\/span> <span class=\"hps\">estat designada<\/span> <span class=\"hps\">pels seus propis<\/span> <span class=\"hps\">clients<\/span> <span class=\"hps\">com una<\/span> <span class=\"hps\">bona<\/span> <strong><span class=\"hps\">advocada<\/span> <span class=\"hps\">matrimonialista<\/span><\/strong> <span class=\"hps\">de Barcelona<\/span>.<\/span><\/p>\n<p><span id=\"result_box\" class=\"\" lang=\"ca\"><span class=\"hps\">Tant ella<\/span> <span class=\"hps\">com la resta<\/span> <span class=\"hps\">del seu <strong>bufet<\/strong><\/span><strong> <span class=\"hps\">multidisciplinari<\/span> <span class=\"hps\">d\u2019advocats<\/span><\/strong> <span class=\"hps\">recomanen no<\/span> <span class=\"hps\">dilatar<\/span> <span class=\"hps\">massa l\u2019ambient<\/span> <span class=\"hps\">tens i<\/span> <span class=\"hps\">enrarit<\/span> <span class=\"hps\">que precedeix<\/span> <span class=\"hps\">qualsevol<\/span> <span class=\"hps\">divorci.<\/span> <span class=\"hps\">En el seu lloc<\/span>, el que <span class=\"hps\">aconsellen<\/span> <span class=\"hps\">\u00e9s acudir<\/span> <span class=\"hps\">com m\u00e9s aviat<\/span> <span class=\"hps\">a un bon<\/span> <span class=\"hps\">bufet <strong>d\u2019advocats<\/strong><\/span><strong> <span class=\"hps\">matrimonialistes<\/span><\/strong> <span class=\"hps\">amb<\/span> <span class=\"hps\">l\u2019objectiu de rebre<\/span> <span class=\"hps\">assessorament<\/span> <span class=\"hps\">preventiu<\/span> <span class=\"hps\">i tractar d\u2019assolir<\/span> <span class=\"hps\">de manera consensuada<\/span> <span class=\"hps\">una extinci\u00f3<\/span> <span class=\"hps\">amistosa<\/span> <span class=\"hps\">del matrimoni.<\/span> <span class=\"hps\">Despr\u00e9s<\/span> <span class=\"hps\">de tot, <strong>un<\/strong><\/span><strong> <span class=\"hps\">divorci<\/span> <span class=\"hps\">o<\/span> <span class=\"hps\">una separaci\u00f3<\/span> <span class=\"hps\">no tenen<\/span> <span class=\"hps\">per<\/span> <span class=\"hps\">qu\u00e8<\/span> <span class=\"hps\">convertir-se en<\/span> <\/strong><span class=\"hps\"><strong>un trauma<\/strong> que<\/span> <span class=\"hps\">ens<\/span> <span class=\"hps\">acompanyi durant<\/span> <span class=\"hps\">tota<\/span> <span class=\"hps\">la<\/span> <span class=\"hps\">vida<\/span>. <span class=\"hps\">Per<\/span> <span class=\"hps\">aix\u00f2<\/span>, <span class=\"hps\">un cop es tingui<\/span> <span class=\"hps\">clara<\/span> <span class=\"hps\">la decisi\u00f3 de procedir<\/span> <span class=\"hps\">tant<\/span> <span class=\"hps\">a la ruptura<\/span> <span class=\"hps\">del matrimoni<\/span> <span class=\"hps\">com a la<\/span> <span class=\"hps\">separaci\u00f3 de la<\/span> <span class=\"hps\">parella<\/span>, el m\u00e9s <span class=\"hps\">recomanable<\/span> <span class=\"hps\">\u00e9s acudir a<\/span> <span class=\"hps\">un <a href=\"\/\">advocat<\/a><\/span> <span class=\"hps\"><a href=\"\/\">a Matar\u00f3<\/a> que<\/span> <span class=\"hps\">presti<\/span> <span class=\"hps\">la seva ajuda<\/span> <span class=\"hps\">per tal<\/span> <span class=\"hps\">de planificar<\/span> <span class=\"hps\">el cessament de la<\/span> <span class=\"hps\">conviv\u00e8ncia<\/span> <span class=\"hps\">de la manera m\u00e9s<\/span> <span class=\"hps\">amistosa<\/span> <span class=\"hps\">i consensuada<\/span> <span class=\"hps\">possible<\/span><span class=\"\">.<\/span><\/span><\/p>\n<p><span id=\"result_box\" class=\"\" lang=\"ca\"><span class=\"hps\">Aix\u00f2<\/span> <span class=\"hps\">no<\/span> <span class=\"hps\">nom\u00e9s<\/span> <strong><span class=\"hps\">disminueix la<\/span> <span class=\"hps\">possibilitat que<\/span> <span class=\"hps\">aparegui<\/span> <span class=\"hps\">qualsevol<\/span> <span class=\"hps\">tipus<\/span> <span class=\"hps\">de conflicte<\/span> <span class=\"hps\">entre els<\/span> <span class=\"hps\">c\u00f2njuges<\/span><\/strong>, <span class=\"hps\">sin\u00f3<\/span> <span class=\"hps\">que convertir\u00e0<\/span> <span class=\"hps\">el proc\u00e9s<\/span> <span class=\"hps\">en una cosa<\/span> <span class=\"hps\">pac\u00edfic<\/span> <span class=\"hps\">i<\/span> <span class=\"hps\">molt<\/span> <span class=\"hps\">f\u00e0cil<\/span> <span class=\"hps\">d\u2019assumir<\/span> <span class=\"hps\">pels<\/span> <span class=\"hps\">fills en el<\/span> <span class=\"hps\">cas que<\/span> <span class=\"hps\">n\u2019hi hagu\u00e9s.<\/span><\/span><\/p>\n<p><span id=\"result_box\" class=\"\" lang=\"ca\"><span class=\"hps\">Qualsevol<\/span> <strong><span class=\"hps\">advocat<\/span> <span class=\"hps\">matrimonialista<\/span> <span class=\"hps\">de Matar\u00f3<\/span><\/strong> <span class=\"hps\">pertanyent<\/span> <span class=\"hps\">al bufet<\/span> <span class=\"hps\">de <strong>MDF<\/strong><\/span> <strong><span class=\"hps\">Advocats<\/span><\/strong> <span class=\"hps\">no<\/span> <span class=\"hps\">nom\u00e9s<\/span> <span class=\"hps\">s\u2019encarregar\u00e0<\/span> <span class=\"hps\">de resoldre<\/span> <span class=\"hps\">tots aquells dubtes<\/span> <span class=\"hps\">que pugui,<\/span> <span class=\"hps atn\">presentar-<\/span>se en qualsevol <span class=\"hps\">fase del<\/span> <span class=\"hps\">tr\u00e0mit<\/span> <span class=\"hps\">de divorci<\/span> <span class=\"hps\">o<\/span> <span class=\"hps\">separaci\u00f3<\/span> <span class=\"hps\">-al<\/span> <span class=\"hps\">principi<\/span>, <span class=\"hps\">durant el mateix<\/span> <span class=\"hps\">o<\/span> <span class=\"hps\">fins i tot al<\/span> <span class=\"hps\">final-,<\/span> <span class=\"hps\">sin\u00f3 que li<\/span> <span class=\"hps\">far\u00e0<\/span> <span class=\"hps\">part activa<\/span> <span class=\"hps\">i<\/span> <span class=\"hps\">part\u00edcip<\/span> <span class=\"hps\">de tot el<\/span> <span class=\"hps\">proc\u00e9s.<\/span> <span class=\"hps\">\u00c9s a dir<\/span>, \u00e9s clar <span class=\"hps\">el mantindr\u00e0<\/span> <span class=\"hps\">informat de<\/span> <span class=\"hps\">les<\/span> <span class=\"hps\">accions<\/span> <span class=\"hps\">dutes<\/span> <span class=\"hps\">a terme<\/span> <span class=\"hps\">aix\u00ed<\/span> <span class=\"hps\">com dels<\/span> <span class=\"hps\">resultats<\/span> <span class=\"hps\">obtinguts<\/span>, <span class=\"hps\">per\u00f2<\/span> <span class=\"hps\">tamb\u00e9<\/span> <span class=\"hps\">s\u2019encarregar\u00e0<\/span> <span class=\"hps atn\">d\u2019explicar-<\/span>les <span class=\"hps\">conseq\u00fc\u00e8ncies<\/span> <span class=\"hps\">de cada mesura<\/span> <span class=\"hps\">i<\/span> <span class=\"hps\">les<\/span> <span class=\"hps\">alternatives<\/span> <span class=\"hps\">que t\u00e9 al seu<\/span> <span class=\"hps\">abast perqu\u00e8<\/span> <span class=\"hps\">sigui vost\u00e8<\/span> <span class=\"hps\">qui<\/span><span class=\"\">,<\/span> <span class=\"hps\">en \u00faltima<\/span> <span class=\"hps\">inst\u00e0ncia<\/span>, <span class=\"hps\">decideixi<\/span> <span class=\"hps\">com procedir.<\/span> <span class=\"hps\">Aix\u00f2 s\u00ed,<\/span> <strong><span class=\"hps\">comptant<\/span> <span class=\"hps\">sempre<\/span> <span class=\"hps\">amb<\/span> <span class=\"hps\">el millor<\/span> <span class=\"hps\">assessorament<\/span> <span class=\"hps\">i<\/span> <span class=\"hps\">les<\/span> <span class=\"hps\">m\u00e0ximes<\/span> <span class=\"hps\">garanties<\/span><\/strong><span class=\"\">.<\/span><\/span><\/p>\n<h2 style=\"text-align: justify;\">Matrimonis a Matar\u00f3<\/h2>\n<p><img loading=\"lazy\" decoding=\"async\" class=\"alignright wp-image-129 size-full\" src=\"https:\/\/mdfernandez.com\/wp-content\/uploads\/2016\/03\/img9.png\" alt=\"abogado matrimonialista\" width=\"540\" height=\"200\" \/><\/p>\n<p><span id=\"result_box\" class=\"\" lang=\"ca\"><span class=\"hps\">Si el seu<\/span> <strong><span class=\"hps\">matrimoni<\/span> <span class=\"hps\">a Matar\u00f3<\/span><\/strong> <span class=\"hps\">es<\/span> <span class=\"hps\">troba en una<\/span> <span class=\"hps\">mala situaci\u00f3<\/span> <span class=\"hps\">i tem<\/span> <span class=\"hps\">que<\/span> <span class=\"hps\">el seu c\u00f2njuge<\/span> <span class=\"hps\">li interposi<\/span> <span class=\"hps\">una sol\u00b7licitud<\/span> <span class=\"hps\">de divorci<\/span> <span class=\"hps\">o<\/span> <span class=\"hps\">de separaci\u00f3<\/span> <span class=\"hps\">\u00e9s perfectament<\/span> <span class=\"hps\">comprensible<\/span> <span class=\"hps\">que tingui<\/span> <span class=\"hps\">dubtes.<\/span> <span class=\"hps\">En<\/span> <span class=\"hps\">MDF<\/span> <span class=\"hps\">Advocats<\/span> <span class=\"hps\">l\u2019ajudarem<\/span> <span class=\"hps\">tant<\/span> <span class=\"hps\">a<\/span> <span class=\"hps\">resoldre<\/span> <span class=\"hps\">qualsevol<\/span> <span class=\"hps\">q\u00fcesti\u00f3<\/span> <span class=\"hps\">que ens<\/span> <span class=\"hps\">plantegi<\/span> <span class=\"hps\">com<\/span>, <span class=\"hps\">si<\/span> <span class=\"hps\">aix\u00ed ho desitja<\/span><span class=\"\">, dur a<\/span> <span class=\"hps\">terme els<\/span> <span class=\"hps\">tr\u00e0mits<\/span> <span class=\"hps\">necessaris<\/span> <span class=\"hps\">per a<\/span> <span class=\"hps\">procedir a l\u2019extinci\u00f3<\/span> <span class=\"hps\">de la uni\u00f3<\/span> <span class=\"hps\">que mant\u00e9<\/span> <span class=\"hps\">amb el seu c\u00f2njuge<\/span> <span class=\"hps\">de manera<\/span> <span class=\"hps\">que<\/span>, en la mesura <span class=\"hps\">del possible,<\/span> <span class=\"hps\">aconseguim<\/span> <span class=\"hps\">trobar una<\/span> <span class=\"hps\">soluci\u00f3 amistosa<\/span> <span class=\"hps\">a la ruptura.<\/span><\/span><\/p>\n<p><span id=\"result_box\" class=\"\" lang=\"ca\"><span class=\"hps\">En qualsevol<\/span> <span class=\"hps\">cas<\/span> <span class=\"hps\">s\u00e0piga que<\/span> <span class=\"hps\">en MDF<\/span> <span class=\"hps\">Advocats<\/span> <span class=\"hps\">acceptem<\/span> <span class=\"hps\">casos<\/span> <span class=\"hps\">de tota la<\/span> <span class=\"hps\">prov\u00edncia<\/span> <span class=\"hps\">de<strong> Barcelona<\/strong><\/span>. <span class=\"hps\">I que el nostre<\/span> <span class=\"hps\">experimentat<\/span> <span class=\"hps\">bufet<\/span> <span class=\"hps\">multidisciplinari<\/span> <span class=\"hps\">l\u2019ajudar\u00e0 amb<\/span> <span class=\"hps\">qualsevol<\/span> <span class=\"hps\">q\u00fcesti\u00f3<\/span> <span class=\"hps\">que desitgi<\/span> <span class=\"hps\">comunicar-li.<\/span> <span class=\"hps\">Per<\/span> <span class=\"hps\">aix\u00f2 compta<\/span> <span class=\"hps\">amb<\/span> <span class=\"hps\">dos n\u00fameros de tel\u00e8fon<\/span> <span class=\"hps\">amb els quals<\/span> <span class=\"hps\">posar-se en<\/span> <span class=\"hps\">contacte<\/span> <span class=\"hps\">amb<\/span> <span class=\"hps\">nosaltres<\/span> <span class=\"hps\">directament<\/span> <span class=\"hps\">(937419395<\/span> <span class=\"hps\">o<\/span> <span class=\"hps\">666503325)<\/span> <span class=\"hps\">i un<\/span> <span class=\"hps\">formulari<\/span> <span class=\"hps\">web<\/span> <span class=\"hps\">en el qual podr\u00e0<\/span> <span class=\"hps\">deixar<\/span> <span class=\"hps\">const\u00e0ncia<\/span> <span class=\"hps\">del seu dubte<\/span>. <span class=\"hps\">En funci\u00f3 de la<\/span> <span class=\"hps\">naturalesa<\/span> <span class=\"hps\">de la seva consulta<\/span> <span class=\"hps\">ser\u00e0 un<\/span> <span class=\"hps\">advocat<\/span> <span class=\"hps\">de fam\u00edlia<\/span> <span class=\"hps\">?,<\/span> <span class=\"hps\">de divorci<\/span> <span class=\"hps\">o<\/span> <span class=\"hps\">especialitzat<\/span> <span class=\"hps\">en her\u00e8ncies<\/span> <span class=\"hps\">qui<\/span> <span class=\"hps\">s\u2019encarregui<\/span> <span class=\"hps\">de parlar<\/span> <span class=\"hps\">amb<\/span> <span class=\"hps\">vost\u00e8<\/span> <span class=\"hps\">i posar-se<\/span> <span class=\"hps\">a la seva disposici\u00f3<\/span><span class=\"\">.<\/span><\/span>[\/vc_column_text][\/vc_column][\/vc_row]<\/p>","protected":false},"excerpt":{"rendered":"<p>[vc_row][vc_column][vc_column_text] Gr\u00e0cies a la seva gran capacitat de mediaci\u00f3 Maria Dolors Fern\u00e1ndez Sainz de la Maza, directora de MDF Advocats, ha estat designada pels seus propis clients [&hellip;]<\/p>\n","protected":false},"author":1,"featured_media":0,"parent":0,"menu_order":0,"comment_status":"closed","ping_status":"closed","template":"","meta":{"footnotes":""},"class_list":["post-28","page","type-page","status-publish","hentry"],"yoast_head":"<!-- This site is optimized with the Yoast SEO plugin v23.2 - https:\/\/yoast.com\/wordpress\/plugins\/seo\/ -->\n<title>Abogados matrimonialistas en Matar\u00f3 (Barcelona)<\/title>\n<meta name=\"description\" content=\"Abogados matrimonialistas en Matar\u00f3. Maria Dolores Fernandez Sainz de la Maza. Abogada especialista en matrimonios en Matar\u00f3 (Barcelona)\" \/>\n<meta name=\"robots\" content=\"index, follow, max-snippet:-1, max-image-preview:large, max-video-preview:-1\" \/>\n<link rel=\"canonical\" href=\"https:\/\/mdfernandez.com\/abogados-matrimonialistas\/\" \/>\n<meta property=\"og:locale\" content=\"en_US\" \/>\n<meta property=\"og:type\" content=\"article\" \/>\n<meta property=\"og:title\" content=\"Abogados matrimonialistas en Matar\u00f3 (Barcelona)\" \/>\n<meta property=\"og:description\" content=\"Abogados matrimonialistas en Matar\u00f3. Maria Dolores Fernandez Sainz de la Maza. Abogada especialista en matrimonios en Matar\u00f3 (Barcelona)\" \/>\n<meta property=\"og:url\" content=\"https:\/\/mdfernandez.com\/abogados-matrimonialistas\/\" \/>\n<meta property=\"og:site_name\" content=\"mdfernandez\" \/>\n<meta property=\"article:modified_time\" content=\"2022-03-10T16:13:54+00:00\" \/>\n<meta property=\"og:image\" content=\"https:\/\/mdfernandez.com\/\/wp-content\/uploads\/2019\/07\/custodia-de-los-hijos.jpg\" \/>\n<meta name=\"twitter:card\" content=\"summary_large_image\" \/>\n<meta name=\"twitter:label1\" content=\"Est. reading time\" \/>\n\t<meta name=\"twitter:data1\" content=\"6 minutes\" \/>\n<script type=\"application\/ld+json\" class=\"yoast-schema-graph\">{\"@context\":\"https:\/\/schema.org\",\"@graph\":[{\"@type\":\"WebPage\",\"@id\":\"https:\/\/mdfernandez.com\/abogados-matrimonialistas\/\",\"url\":\"https:\/\/mdfernandez.com\/abogados-matrimonialistas\/\",\"name\":\"Abogados matrimonialistas en Matar\u00f3 (Barcelona)\",\"isPartOf\":{\"@id\":\"https:\/\/mdfernandez.com\/#website\"},\"primaryImageOfPage\":{\"@id\":\"https:\/\/mdfernandez.com\/abogados-matrimonialistas\/#primaryimage\"},\"image\":{\"@id\":\"https:\/\/mdfernandez.com\/abogados-matrimonialistas\/#primaryimage\"},\"thumbnailUrl\":\"https:\/\/mdfernandez.com\/\/wp-content\/uploads\/2019\/07\/custodia-de-los-hijos.jpg\",\"datePublished\":\"2016-03-03T16:47:23+00:00\",\"dateModified\":\"2022-03-10T16:13:54+00:00\",\"description\":\"Abogados matrimonialistas en Matar\u00f3. Maria Dolores Fernandez Sainz de la Maza. Abogada especialista en matrimonios en Matar\u00f3 (Barcelona)\",\"breadcrumb\":{\"@id\":\"https:\/\/mdfernandez.com\/abogados-matrimonialistas\/#breadcrumb\"},\"inLanguage\":\"ca-CA\",\"potentialAction\":[{\"@type\":\"ReadAction\",\"target\":[\"https:\/\/mdfernandez.com\/abogados-matrimonialistas\/\"]}]},{\"@type\":\"ImageObject\",\"inLanguage\":\"ca-CA\",\"@id\":\"https:\/\/mdfernandez.com\/abogados-matrimonialistas\/#primaryimage\",\"url\":\"https:\/\/mdfernandez.com\/\/wp-content\/uploads\/2019\/07\/custodia-de-los-hijos.jpg\",\"contentUrl\":\"https:\/\/mdfernandez.com\/\/wp-content\/uploads\/2019\/07\/custodia-de-los-hijos.jpg\"},{\"@type\":\"BreadcrumbList\",\"@id\":\"https:\/\/mdfernandez.com\/abogados-matrimonialistas\/#breadcrumb\",\"itemListElement\":[{\"@type\":\"ListItem\",\"position\":1,\"name\":\"Portada\",\"item\":\"https:\/\/mdfernandez.com\/\"},{\"@type\":\"ListItem\",\"position\":2,\"name\":\"Abogados matrimonialistas\"}]},{\"@type\":\"WebSite\",\"@id\":\"https:\/\/mdfernandez.com\/#website\",\"url\":\"https:\/\/mdfernandez.com\/\",\"name\":\"mdfernandez\",\"description\":\"Abogada Mediadora\",\"potentialAction\":[{\"@type\":\"SearchAction\",\"target\":{\"@type\":\"EntryPoint\",\"urlTemplate\":\"https:\/\/mdfernandez.com\/?s={search_term_string}\"},\"query-input\":\"required name=search_term_string\"}],\"inLanguage\":\"ca-CA\"}]}<\/script>\n<!-- \/ Yoast SEO plugin. -->","yoast_head_json":{"title":"Abogados matrimonialistas en Matar\u00f3 (Barcelona)","description":"Abogados matrimonialistas en Matar\u00f3. Maria Dolores Fernandez Sainz de la Maza. Abogada especialista en matrimonios en Matar\u00f3 (Barcelona)","robots":{"index":"index","follow":"follow","max-snippet":"max-snippet:-1","max-image-preview":"max-image-preview:large","max-video-preview":"max-video-preview:-1"},"canonical":"https:\/\/mdfernandez.com\/abogados-matrimonialistas\/","og_locale":"en_US","og_type":"article","og_title":"Abogados matrimonialistas en Matar\u00f3 (Barcelona)","og_description":"Abogados matrimonialistas en Matar\u00f3. Maria Dolores Fernandez Sainz de la Maza. Abogada especialista en matrimonios en Matar\u00f3 (Barcelona)","og_url":"https:\/\/mdfernandez.com\/abogados-matrimonialistas\/","og_site_name":"mdfernandez","article_modified_time":"2022-03-10T16:13:54+00:00","og_image":[{"url":"https:\/\/mdfernandez.com\/\/wp-content\/uploads\/2019\/07\/custodia-de-los-hijos.jpg"}],"twitter_card":"summary_large_image","twitter_misc":{"Est. reading time":"6 minutes"},"schema":{"@context":"https:\/\/schema.org","@graph":[{"@type":"WebPage","@id":"https:\/\/mdfernandez.com\/abogados-matrimonialistas\/","url":"https:\/\/mdfernandez.com\/abogados-matrimonialistas\/","name":"Abogados matrimonialistas en Matar\u00f3 (Barcelona)","isPartOf":{"@id":"https:\/\/mdfernandez.com\/#website"},"primaryImageOfPage":{"@id":"https:\/\/mdfernandez.com\/abogados-matrimonialistas\/#primaryimage"},"image":{"@id":"https:\/\/mdfernandez.com\/abogados-matrimonialistas\/#primaryimage"},"thumbnailUrl":"https:\/\/mdfernandez.com\/\/wp-content\/uploads\/2019\/07\/custodia-de-los-hijos.jpg","datePublished":"2016-03-03T16:47:23+00:00","dateModified":"2022-03-10T16:13:54+00:00","description":"Abogados matrimonialistas en Matar\u00f3. Maria Dolores Fernandez Sainz de la Maza. Abogada especialista en matrimonios en Matar\u00f3 (Barcelona)","breadcrumb":{"@id":"https:\/\/mdfernandez.com\/abogados-matrimonialistas\/#breadcrumb"},"inLanguage":"ca-CA","potentialAction":[{"@type":"ReadAction","target":["https:\/\/mdfernandez.com\/abogados-matrimonialistas\/"]}]},{"@type":"ImageObject","inLanguage":"ca-CA","@id":"https:\/\/mdfernandez.com\/abogados-matrimonialistas\/#primaryimage","url":"https:\/\/mdfernandez.com\/\/wp-content\/uploads\/2019\/07\/custodia-de-los-hijos.jpg","contentUrl":"https:\/\/mdfernandez.com\/\/wp-content\/uploads\/2019\/07\/custodia-de-los-hijos.jpg"},{"@type":"BreadcrumbList","@id":"https:\/\/mdfernandez.com\/abogados-matrimonialistas\/#breadcrumb","itemListElement":[{"@type":"ListItem","position":1,"name":"Portada","item":"https:\/\/mdfernandez.com\/"},{"@type":"ListItem","position":2,"name":"Abogados matrimonialistas"}]},{"@type":"WebSite","@id":"https:\/\/mdfernandez.com\/#website","url":"https:\/\/mdfernandez.com\/","name":"mdfernandez","description":"Abogada Mediadora","potentialAction":[{"@type":"SearchAction","target":{"@type":"EntryPoint","urlTemplate":"https:\/\/mdfernandez.com\/?s={search_term_string}"},"query-input":"required name=search_term_string"}],"inLanguage":"ca-CA"}]}},"_links":{"self":[{"href":"https:\/\/mdfernandez.com\/ca\/wp-json\/wp\/v2\/pages\/28","targetHints":{"allow":["GET"]}}],"collection":[{"href":"https:\/\/mdfernandez.com\/ca\/wp-json\/wp\/v2\/pages"}],"about":[{"href":"https:\/\/mdfernandez.com\/ca\/wp-json\/wp\/v2\/types\/page"}],"author":[{"embeddable":true,"href":"https:\/\/mdfernandez.com\/ca\/wp-json\/wp\/v2\/users\/1"}],"replies":[{"embeddable":true,"href":"https:\/\/mdfernandez.com\/ca\/wp-json\/wp\/v2\/comments?post=28"}],"version-history":[{"count":7,"href":"https:\/\/mdfernandez.com\/ca\/wp-json\/wp\/v2\/pages\/28\/revisions"}],"predecessor-version":[{"id":6823,"href":"https:\/\/mdfernandez.com\/ca\/wp-json\/wp\/v2\/pages\/28\/revisions\/6823"}],"wp:attachment":[{"href":"https:\/\/mdfernandez.com\/ca\/wp-json\/wp\/v2\/media?parent=28"}],"curies":[{"name":"wp","href":"https:\/\/api.w.org\/{rel}","templated":true}]}}