{"id":30,"date":"2016-03-03T16:48:29","date_gmt":"2016-03-03T16:48:29","guid":{"rendered":"http:\/\/mdfernandez.com\/newproject\/?page_id=30"},"modified":"2021-09-30T11:00:40","modified_gmt":"2021-09-30T09:00:40","slug":"otros-servicios","status":"publish","type":"page","link":"https:\/\/mdfernandez.com\/ca\/altres-serveis\/","title":{"rendered":"Altres Serveis"},"content":{"rendered":"<p>[vc_row][vc_column][vc_column_text]<\/p>\n<div class=\"ezcol ezcol-one-half\">\n<h2>MEDIACI\u00d3<\/h2>\n<p>Intervencions de mediaci\u00f3 en conflictes (personals, familiars, empreses, institucions publiques, etc.).<\/p>\n<p>Assessorament i consultoria:<\/p>\n<ul>\n<li>Diagnosi i an\u00e0lisi de situacions de conflicte.<\/li>\n<li>Disseny d\u2019estrat\u00e8gies de resoluci\u00f3 (mediaci\u00f3, conciliaci\u00f3, facilitaci\u00f3, etc).<\/li>\n<li>Assessorament i suport en procesos de negociaci\u00f3.<\/li>\n<li>Disseny i implementaci\u00f3 de serveis de mediaci\u00f3.<\/li>\n<\/ul>\n<h2>ADVOCAT CIVILISTA \/ ARRENDAMENTS<\/h2>\n<p><span id=\"result_box\" class=\"\" lang=\"ca\"><span class=\"hps\">Confecci\u00f3<\/span> <span class=\"hps\">de contractes<\/span> <span class=\"hps\">de lloguer<\/span> <span class=\"hps\">d\u2019habitatge<\/span>, locals <span class=\"hps\">comercials<\/span> <span class=\"hps\">i industrials<\/span>. <span class=\"hps\">Reclamaci\u00f3<\/span> <span class=\"hps\">amistosa<\/span> <span class=\"hps\">i judicial<\/span> <span class=\"hps\">de l\u2019impagament<\/span> <span class=\"hps\">de<\/span> <span class=\"hps\">les<\/span> <span class=\"hps\">rendes<\/span>, IBI. <span class=\"hps\">Actualitzacions de la<\/span> <span class=\"hps\">renda.<\/span><\/span><\/p>\n<div class=\"ezcol ezcol-one-half ezcol-last\">\n<h2>COMUNITATS DE PROPIETARIS<\/h2>\n<p><span id=\"result_box\" class=\"\" lang=\"ca\"><span class=\"hps\">Redacci\u00f3<\/span> <span class=\"hps\">de l\u2019ordre<\/span> <span class=\"hps\">del dia.<\/span> <span class=\"hps\">Redacci\u00f3<\/span> <span class=\"hps\">de l\u2019Acta<\/span>. <span class=\"hps\">Reclamaci\u00f3<\/span> <span class=\"hps\">de quotes<\/span> <span class=\"hps\">de comunitat<\/span> <span class=\"hps\">impagades<\/span>. <span class=\"hps\">Impugnaci\u00f3<\/span> <span class=\"hps\">d\u2019acords<\/span> <span class=\"hps\">comunitaris.<\/span><\/span><\/p>\n<p><span id=\"result_box\" class=\"\" lang=\"ca\"><span class=\"hps\">En totes<\/span> <span class=\"hps\">aquestes<\/span> <span class=\"hps\">mat\u00e8ries<\/span> <span class=\"hps\">se li presta<\/span> <span class=\"hps\">el degut<\/span> <span class=\"hps\">assessorament fiscal<\/span><span class=\"\">.<\/span><\/span><\/p>\n<h2>ACCIDENTS DE CIRCULACI\u00d3<\/h2>\n<p><span id=\"result_box\" class=\"\" lang=\"ca\"><span class=\"hps\">Valoraci\u00f3,<\/span> <span class=\"hps\">quantificaci\u00f3<\/span> <span class=\"hps\">i<\/span> <span class=\"hps\">reclamaci\u00f3<\/span> <span class=\"hps\">de<\/span> <span class=\"hps\">les<\/span> <span class=\"hps\">lesions<\/span> <span class=\"hps\">sofertes<\/span> <span class=\"hps\">en accident<\/span> <span class=\"hps\">i<\/span> <span class=\"hps\">tr\u00e0nsit<\/span> <span class=\"hps atn\">(<\/span>conductor, <span class=\"hps\">acompanyant<\/span>, passatger <span class=\"hps\">de transport<\/span> <span class=\"hps\">p\u00fablic<\/span>, motorista, ciclista, <span class=\"hps\">vianant<\/span>), enfront de la <span class=\"hps\">companyia<\/span> <span class=\"hps\">d\u2019assegurances<\/span> <span class=\"hps\">del vehicle<\/span> <span class=\"hps\">causant del<\/span> <span class=\"hps\">mateix<\/span><span class=\"\">.<\/span><\/span><\/p>\n<p><span id=\"result_box\" class=\"\" lang=\"ca\"><span class=\"hps\">Quantificaci\u00f3<\/span> <span class=\"hps\">de danys<\/span>, lesions <span class=\"hps\">i<\/span> <span class=\"hps\">seq\u00fceles<\/span> <span class=\"hps\">per<\/span> <span class=\"hps\">la<\/span> <span class=\"hps\">Llei sobre<\/span> <span class=\"hps\">responsabilitat civil i asseguran\u00e7a<\/span> <span class=\"hps\">en la circulaci\u00f3 de<\/span> <span class=\"hps\">vehicles de motor a<\/span> <span class=\"hps\">provat<\/span> <span class=\"hps\">per<\/span> <span class=\"hps\">Reial<\/span> <span class=\"hps\">Decret<\/span> <span class=\"hps\">Legislatiu<\/span> <span class=\"hps\">8\/2004<\/span> <span class=\"hps\">de 29 d\u2019octubre<\/span>, <span class=\"hps\">actualitzat<\/span> <span class=\"hps\">cada<\/span> <span class=\"hps\">any<\/span>.<\/span><\/p>\n<\/div>\n<\/div>\n<p>[\/vc_column_text][\/vc_column][\/vc_row]<\/p>","protected":false},"excerpt":{"rendered":"<p>[vc_row][vc_column][vc_column_text] MEDIACI\u00d3 Intervencions de mediaci\u00f3 en conflictes (personals, familiars, empreses, institucions publiques, etc.). Assessorament i consultoria: Diagnosi i an\u00e0lisi de situacions de conflicte. Disseny d\u2019estrat\u00e8gies de resoluci\u00f3 [&hellip;]<\/p>\n","protected":false},"author":1,"featured_media":0,"parent":0,"menu_order":0,"comment_status":"closed","ping_status":"closed","template":"","meta":{"footnotes":""},"yoast_head":"<!-- This site is optimized with the Yoast SEO plugin v23.2 - https:\/\/yoast.com\/wordpress\/plugins\/seo\/ -->\n<title>Otros servicios. MDF Abogados Matar\u00f3<\/title>\n<meta name=\"description\" content=\"Otros de los servicios que ofrecemos en MDF Abogados\" \/>\n<meta name=\"robots\" content=\"index, follow, max-snippet:-1, max-image-preview:large, max-video-preview:-1\" \/>\n<link rel=\"canonical\" href=\"https:\/\/mdfernandez.com\/otros-servicios\/\" \/>\n<meta property=\"og:locale\" content=\"en_US\" \/>\n<meta property=\"og:type\" content=\"article\" \/>\n<meta property=\"og:title\" content=\"Otros servicios. MDF Abogados Matar\u00f3\" \/>\n<meta property=\"og:description\" content=\"Otros de los servicios que ofrecemos en MDF Abogados\" \/>\n<meta property=\"og:url\" content=\"https:\/\/mdfernandez.com\/otros-servicios\/\" \/>\n<meta property=\"og:site_name\" content=\"mdfernandez\" \/>\n<meta property=\"article:modified_time\" content=\"2021-09-30T09:00:40+00:00\" \/>\n<meta name=\"twitter:card\" content=\"summary_large_image\" \/>\n<meta name=\"twitter:label1\" content=\"Est. reading time\" \/>\n\t<meta name=\"twitter:data1\" content=\"2 minutes\" \/>\n<script type=\"application\/ld+json\" class=\"yoast-schema-graph\">{\"@context\":\"https:\/\/schema.org\",\"@graph\":[{\"@type\":\"WebPage\",\"@id\":\"https:\/\/mdfernandez.com\/otros-servicios\/\",\"url\":\"https:\/\/mdfernandez.com\/otros-servicios\/\",\"name\":\"Otros servicios. MDF Abogados Matar\u00f3\",\"isPartOf\":{\"@id\":\"https:\/\/mdfernandez.com\/#website\"},\"datePublished\":\"2016-03-03T16:48:29+00:00\",\"dateModified\":\"2021-09-30T09:00:40+00:00\",\"description\":\"Otros de los servicios que ofrecemos en MDF Abogados\",\"breadcrumb\":{\"@id\":\"https:\/\/mdfernandez.com\/otros-servicios\/#breadcrumb\"},\"inLanguage\":\"ca-CA\",\"potentialAction\":[{\"@type\":\"ReadAction\",\"target\":[\"https:\/\/mdfernandez.com\/otros-servicios\/\"]}]},{\"@type\":\"BreadcrumbList\",\"@id\":\"https:\/\/mdfernandez.com\/otros-servicios\/#breadcrumb\",\"itemListElement\":[{\"@type\":\"ListItem\",\"position\":1,\"name\":\"Portada\",\"item\":\"https:\/\/mdfernandez.com\/\"},{\"@type\":\"ListItem\",\"position\":2,\"name\":\"Otros Servicios\"}]},{\"@type\":\"WebSite\",\"@id\":\"https:\/\/mdfernandez.com\/#website\",\"url\":\"https:\/\/mdfernandez.com\/\",\"name\":\"mdfernandez\",\"description\":\"Abogada Mediadora\",\"potentialAction\":[{\"@type\":\"SearchAction\",\"target\":{\"@type\":\"EntryPoint\",\"urlTemplate\":\"https:\/\/mdfernandez.com\/?s={search_term_string}\"},\"query-input\":\"required name=search_term_string\"}],\"inLanguage\":\"ca-CA\"}]}<\/script>\n<!-- \/ Yoast SEO plugin. -->","yoast_head_json":{"title":"Otros servicios. MDF Abogados Matar\u00f3","description":"Otros de los servicios que ofrecemos en MDF Abogados","robots":{"index":"index","follow":"follow","max-snippet":"max-snippet:-1","max-image-preview":"max-image-preview:large","max-video-preview":"max-video-preview:-1"},"canonical":"https:\/\/mdfernandez.com\/otros-servicios\/","og_locale":"en_US","og_type":"article","og_title":"Otros servicios. MDF Abogados Matar\u00f3","og_description":"Otros de los servicios que ofrecemos en MDF Abogados","og_url":"https:\/\/mdfernandez.com\/otros-servicios\/","og_site_name":"mdfernandez","article_modified_time":"2021-09-30T09:00:40+00:00","twitter_card":"summary_large_image","twitter_misc":{"Est. reading time":"2 minutes"},"schema":{"@context":"https:\/\/schema.org","@graph":[{"@type":"WebPage","@id":"https:\/\/mdfernandez.com\/otros-servicios\/","url":"https:\/\/mdfernandez.com\/otros-servicios\/","name":"Otros servicios. MDF Abogados Matar\u00f3","isPartOf":{"@id":"https:\/\/mdfernandez.com\/#website"},"datePublished":"2016-03-03T16:48:29+00:00","dateModified":"2021-09-30T09:00:40+00:00","description":"Otros de los servicios que ofrecemos en MDF Abogados","breadcrumb":{"@id":"https:\/\/mdfernandez.com\/otros-servicios\/#breadcrumb"},"inLanguage":"ca-CA","potentialAction":[{"@type":"ReadAction","target":["https:\/\/mdfernandez.com\/otros-servicios\/"]}]},{"@type":"BreadcrumbList","@id":"https:\/\/mdfernandez.com\/otros-servicios\/#breadcrumb","itemListElement":[{"@type":"ListItem","position":1,"name":"Portada","item":"https:\/\/mdfernandez.com\/"},{"@type":"ListItem","position":2,"name":"Otros Servicios"}]},{"@type":"WebSite","@id":"https:\/\/mdfernandez.com\/#website","url":"https:\/\/mdfernandez.com\/","name":"mdfernandez","description":"Abogada Mediadora","potentialAction":[{"@type":"SearchAction","target":{"@type":"EntryPoint","urlTemplate":"https:\/\/mdfernandez.com\/?s={search_term_string}"},"query-input":"required name=search_term_string"}],"inLanguage":"ca-CA"}]}},"_links":{"self":[{"href":"https:\/\/mdfernandez.com\/ca\/wp-json\/wp\/v2\/pages\/30"}],"collection":[{"href":"https:\/\/mdfernandez.com\/ca\/wp-json\/wp\/v2\/pages"}],"about":[{"href":"https:\/\/mdfernandez.com\/ca\/wp-json\/wp\/v2\/types\/page"}],"author":[{"embeddable":true,"href":"https:\/\/mdfernandez.com\/ca\/wp-json\/wp\/v2\/users\/1"}],"replies":[{"embeddable":true,"href":"https:\/\/mdfernandez.com\/ca\/wp-json\/wp\/v2\/comments?post=30"}],"version-history":[{"count":9,"href":"https:\/\/mdfernandez.com\/ca\/wp-json\/wp\/v2\/pages\/30\/revisions"}],"predecessor-version":[{"id":6787,"href":"https:\/\/mdfernandez.com\/ca\/wp-json\/wp\/v2\/pages\/30\/revisions\/6787"}],"wp:attachment":[{"href":"https:\/\/mdfernandez.com\/ca\/wp-json\/wp\/v2\/media?parent=30"}],"curies":[{"name":"wp","href":"https:\/\/api.w.org\/{rel}","templated":true}]}}