{"id":34,"date":"2016-03-03T16:50:40","date_gmt":"2016-03-03T16:50:40","guid":{"rendered":"http:\/\/mdfernandez.com\/newproject\/?page_id=34"},"modified":"2022-03-10T16:56:42","modified_gmt":"2022-03-10T15:56:42","slug":"asesoria-contable","status":"publish","type":"page","link":"https:\/\/mdfernandez.com\/ca\/assessoria-comptable\/","title":{"rendered":"Assessoria comptable"},"content":{"rendered":"<p>[vc_row][vc_column][vc_column_text]<\/p>\n<p style=\"text-align: justify;\">Si est\u00e0 buscant<strong> assessories comptables de Matar\u00f3<\/strong> professionals i de confian\u00e7a, en MD FERN\u00c1NDEZ podem oferir-li un servei de qualitat i eficient. La nostra dilatada experi\u00e8ncia i tracte amb el client ens avala.<\/p>\n<p style=\"text-align: justify;\">Aix\u00ed, a les nostres oficines els nostres clients trobaran un equip d\u2019<strong>assessors comptables<\/strong> -tots ells llicenciats en empresarials i econ\u00f2miques- amb una gran formaci\u00f3 i una dilatada experi\u00e8ncia plena d\u2019\u00e8xits en mat\u00e8ria de gesti\u00f3 i auditories comptables, <strong>fiscalitat i comptabilitat financera<\/strong>.<\/p>\n<p>&nbsp;<\/p>\n<h2 style=\"text-align: justify;\">Assessories comptables Matar\u00f3<\/h2>\n<p>&nbsp;<\/p>\n<p style=\"text-align: justify;\"><img loading=\"lazy\" decoding=\"async\" class=\"alignright wp-image-6484\" src=\"https:\/\/mdfernandez.com\/\/wp-content\/uploads\/2019\/07\/asesorias-contables.jpg\" alt=\"asesor\u00edas contables\" width=\"500\" height=\"263\" srcset=\"https:\/\/mdfernandez.com\/wp-content\/uploads\/2019\/07\/asesorias-contables.jpg 1200w, https:\/\/mdfernandez.com\/wp-content\/uploads\/2019\/07\/asesorias-contables-300x158.jpg 300w, https:\/\/mdfernandez.com\/wp-content\/uploads\/2019\/07\/asesorias-contables-768x403.jpg 768w, https:\/\/mdfernandez.com\/wp-content\/uploads\/2019\/07\/asesorias-contables-1024x538.jpg 1024w\" sizes=\"auto, (max-width: 500px) 100vw, 500px\" \/>Oferim un <strong>servei especialitzat a aut\u00f2noms, petites i mitjanes empreses<\/strong> (PIMES) i, per descomptat, tamb\u00e9 a grans companyies i multinacionals. Aquest servei permetr\u00e0 a tots els nostres usuaris veure alliberats de dur a terme aquests enutjosos procediments comptables i financers, permetent que nosaltres els realitzem per ells. De la mateixa manera, tamb\u00e9 posarem a la seva disposici\u00f3 la nostra experi\u00e8ncia i consell a l\u2019hora d\u2019assessorar a qualsevol q\u00fcesti\u00f3 relativa a aquests assumptes amb l\u2019objectiu de prestar el m\u00e0xim suport a la direcci\u00f3 de cada companyia.<\/p>\n<p>&nbsp;<\/p>\n<p style=\"text-align: justify;\">Aquest servei d\u2019assessoria comptable es veuria complementat i recolzat, com no podia ser d\u2019una altra manera, pel nostre servei de gesti\u00f3 tribut\u00e0ria i <a href=\"\/asesoria-fiscal\/\">assessoria fiscal<\/a> a trav\u00e9s de la prestaci\u00f3 dels serveis esmentats a continuaci\u00f3:<\/p>\n<ul style=\"text-align: justify;\">\n<li>Manteniment i an\u00e0lisi de la gesti\u00f3 comptable i administrativa.<\/li>\n<li>Assessorament i formaci\u00f3 del personal comptable dels nostres clients.<\/li>\n<li>Auditories comptables.<\/li>\n<li>Elaboraci\u00f3 i control pressupostari.<\/li>\n<li>Gestions davant d\u2019administracions p\u00fabliques.<\/li>\n<li>Organitzaci\u00f3 de la comptabilitat.<\/li>\n<li><strong>Redacci\u00f3 i presentaci\u00f3 de documentaci\u00f3 comptable i financera.<\/strong><\/li>\n<li>Disseny de plans de comptabilitat, etc.<\/li>\n<\/ul>\n<p style=\"text-align: justify;\">Si lo que desea es contar con el apoyo de una asesor\u00eda contable en Matar\u00f3 con una gran experiencia a sus espaldas, una gran lista de \u00e9xitos y una elevada cifra de clientes satisfechos con el servicio recibido no dude en ponerse en contacto con nosotros. Nuestra especializaci\u00f3n en asesoramiento contable, nuestro alto nivel de conocimientos en impuestos y nuestro s\u00f3lido background contable y financiero nos ha llevado a ser capaces de ofrecer soluciones adaptadas a las necesidades de todos y cada uno de nuestros clientes con unos resultados \u00f3ptimos.<\/p>\n<p>[\/vc_column_text][\/vc_column][\/vc_row]<\/p>","protected":false},"excerpt":{"rendered":"<p>[vc_row][vc_column][vc_column_text] Si est\u00e0 buscant assessories comptables de Matar\u00f3 professionals i de confian\u00e7a, en MD FERN\u00c1NDEZ podem oferir-li un servei de qualitat i eficient. La nostra dilatada experi\u00e8ncia [&hellip;]<\/p>\n","protected":false},"author":1,"featured_media":0,"parent":0,"menu_order":0,"comment_status":"closed","ping_status":"closed","template":"","meta":{"footnotes":""},"class_list":["post-34","page","type-page","status-publish","hentry"],"yoast_head":"<!-- This site is optimized with the Yoast SEO plugin v23.2 - https:\/\/yoast.com\/wordpress\/plugins\/seo\/ -->\n<title>Asesoria contable Matar\u00f3<\/title>\n<meta name=\"description\" content=\"Asesor\u00eda contable de Matar\u00f3. Maria Dolores Fernandez Sainz de la Maza. Asesoramiento contable en Matar\u00f3\" \/>\n<meta name=\"robots\" content=\"index, follow, max-snippet:-1, max-image-preview:large, max-video-preview:-1\" \/>\n<link rel=\"canonical\" href=\"https:\/\/mdfernandez.com\/asesoria-contable\/\" \/>\n<meta property=\"og:locale\" content=\"en_US\" \/>\n<meta property=\"og:type\" content=\"article\" \/>\n<meta property=\"og:title\" content=\"Asesoria contable Matar\u00f3\" \/>\n<meta property=\"og:description\" content=\"Asesor\u00eda contable de Matar\u00f3. Maria Dolores Fernandez Sainz de la Maza. Asesoramiento contable en Matar\u00f3\" \/>\n<meta property=\"og:url\" content=\"https:\/\/mdfernandez.com\/asesoria-contable\/\" \/>\n<meta property=\"og:site_name\" content=\"mdfernandez\" \/>\n<meta property=\"article:modified_time\" content=\"2022-03-10T15:56:42+00:00\" \/>\n<meta property=\"og:image\" content=\"https:\/\/mdfernandez.com\/\/wp-content\/uploads\/2019\/07\/asesorias-contables.jpg\" \/>\n<meta name=\"twitter:card\" content=\"summary_large_image\" \/>\n<meta name=\"twitter:label1\" content=\"Est. reading time\" \/>\n\t<meta name=\"twitter:data1\" content=\"4 minutes\" \/>\n<script type=\"application\/ld+json\" class=\"yoast-schema-graph\">{\"@context\":\"https:\/\/schema.org\",\"@graph\":[{\"@type\":\"WebPage\",\"@id\":\"https:\/\/mdfernandez.com\/asesoria-contable\/\",\"url\":\"https:\/\/mdfernandez.com\/asesoria-contable\/\",\"name\":\"Asesoria contable Matar\u00f3\",\"isPartOf\":{\"@id\":\"https:\/\/mdfernandez.com\/#website\"},\"primaryImageOfPage\":{\"@id\":\"https:\/\/mdfernandez.com\/asesoria-contable\/#primaryimage\"},\"image\":{\"@id\":\"https:\/\/mdfernandez.com\/asesoria-contable\/#primaryimage\"},\"thumbnailUrl\":\"https:\/\/mdfernandez.com\/\/wp-content\/uploads\/2019\/07\/asesorias-contables.jpg\",\"datePublished\":\"2016-03-03T16:50:40+00:00\",\"dateModified\":\"2022-03-10T15:56:42+00:00\",\"description\":\"Asesor\u00eda contable de Matar\u00f3. Maria Dolores Fernandez Sainz de la Maza. Asesoramiento contable en Matar\u00f3\",\"breadcrumb\":{\"@id\":\"https:\/\/mdfernandez.com\/asesoria-contable\/#breadcrumb\"},\"inLanguage\":\"ca-CA\",\"potentialAction\":[{\"@type\":\"ReadAction\",\"target\":[\"https:\/\/mdfernandez.com\/asesoria-contable\/\"]}]},{\"@type\":\"ImageObject\",\"inLanguage\":\"ca-CA\",\"@id\":\"https:\/\/mdfernandez.com\/asesoria-contable\/#primaryimage\",\"url\":\"https:\/\/mdfernandez.com\/\/wp-content\/uploads\/2019\/07\/asesorias-contables.jpg\",\"contentUrl\":\"https:\/\/mdfernandez.com\/\/wp-content\/uploads\/2019\/07\/asesorias-contables.jpg\"},{\"@type\":\"BreadcrumbList\",\"@id\":\"https:\/\/mdfernandez.com\/asesoria-contable\/#breadcrumb\",\"itemListElement\":[{\"@type\":\"ListItem\",\"position\":1,\"name\":\"Portada\",\"item\":\"https:\/\/mdfernandez.com\/\"},{\"@type\":\"ListItem\",\"position\":2,\"name\":\"Asesor\u00eda contable\"}]},{\"@type\":\"WebSite\",\"@id\":\"https:\/\/mdfernandez.com\/#website\",\"url\":\"https:\/\/mdfernandez.com\/\",\"name\":\"mdfernandez\",\"description\":\"Abogada Mediadora\",\"potentialAction\":[{\"@type\":\"SearchAction\",\"target\":{\"@type\":\"EntryPoint\",\"urlTemplate\":\"https:\/\/mdfernandez.com\/?s={search_term_string}\"},\"query-input\":\"required name=search_term_string\"}],\"inLanguage\":\"ca-CA\"}]}<\/script>\n<!-- \/ Yoast SEO plugin. -->","yoast_head_json":{"title":"Asesoria contable Matar\u00f3","description":"Asesor\u00eda contable de Matar\u00f3. Maria Dolores Fernandez Sainz de la Maza. Asesoramiento contable en Matar\u00f3","robots":{"index":"index","follow":"follow","max-snippet":"max-snippet:-1","max-image-preview":"max-image-preview:large","max-video-preview":"max-video-preview:-1"},"canonical":"https:\/\/mdfernandez.com\/asesoria-contable\/","og_locale":"en_US","og_type":"article","og_title":"Asesoria contable Matar\u00f3","og_description":"Asesor\u00eda contable de Matar\u00f3. Maria Dolores Fernandez Sainz de la Maza. Asesoramiento contable en Matar\u00f3","og_url":"https:\/\/mdfernandez.com\/asesoria-contable\/","og_site_name":"mdfernandez","article_modified_time":"2022-03-10T15:56:42+00:00","og_image":[{"url":"https:\/\/mdfernandez.com\/\/wp-content\/uploads\/2019\/07\/asesorias-contables.jpg"}],"twitter_card":"summary_large_image","twitter_misc":{"Est. reading time":"4 minutes"},"schema":{"@context":"https:\/\/schema.org","@graph":[{"@type":"WebPage","@id":"https:\/\/mdfernandez.com\/asesoria-contable\/","url":"https:\/\/mdfernandez.com\/asesoria-contable\/","name":"Asesoria contable Matar\u00f3","isPartOf":{"@id":"https:\/\/mdfernandez.com\/#website"},"primaryImageOfPage":{"@id":"https:\/\/mdfernandez.com\/asesoria-contable\/#primaryimage"},"image":{"@id":"https:\/\/mdfernandez.com\/asesoria-contable\/#primaryimage"},"thumbnailUrl":"https:\/\/mdfernandez.com\/\/wp-content\/uploads\/2019\/07\/asesorias-contables.jpg","datePublished":"2016-03-03T16:50:40+00:00","dateModified":"2022-03-10T15:56:42+00:00","description":"Asesor\u00eda contable de Matar\u00f3. Maria Dolores Fernandez Sainz de la Maza. Asesoramiento contable en Matar\u00f3","breadcrumb":{"@id":"https:\/\/mdfernandez.com\/asesoria-contable\/#breadcrumb"},"inLanguage":"ca-CA","potentialAction":[{"@type":"ReadAction","target":["https:\/\/mdfernandez.com\/asesoria-contable\/"]}]},{"@type":"ImageObject","inLanguage":"ca-CA","@id":"https:\/\/mdfernandez.com\/asesoria-contable\/#primaryimage","url":"https:\/\/mdfernandez.com\/\/wp-content\/uploads\/2019\/07\/asesorias-contables.jpg","contentUrl":"https:\/\/mdfernandez.com\/\/wp-content\/uploads\/2019\/07\/asesorias-contables.jpg"},{"@type":"BreadcrumbList","@id":"https:\/\/mdfernandez.com\/asesoria-contable\/#breadcrumb","itemListElement":[{"@type":"ListItem","position":1,"name":"Portada","item":"https:\/\/mdfernandez.com\/"},{"@type":"ListItem","position":2,"name":"Asesor\u00eda contable"}]},{"@type":"WebSite","@id":"https:\/\/mdfernandez.com\/#website","url":"https:\/\/mdfernandez.com\/","name":"mdfernandez","description":"Abogada Mediadora","potentialAction":[{"@type":"SearchAction","target":{"@type":"EntryPoint","urlTemplate":"https:\/\/mdfernandez.com\/?s={search_term_string}"},"query-input":"required name=search_term_string"}],"inLanguage":"ca-CA"}]}},"_links":{"self":[{"href":"https:\/\/mdfernandez.com\/ca\/wp-json\/wp\/v2\/pages\/34","targetHints":{"allow":["GET"]}}],"collection":[{"href":"https:\/\/mdfernandez.com\/ca\/wp-json\/wp\/v2\/pages"}],"about":[{"href":"https:\/\/mdfernandez.com\/ca\/wp-json\/wp\/v2\/types\/page"}],"author":[{"embeddable":true,"href":"https:\/\/mdfernandez.com\/ca\/wp-json\/wp\/v2\/users\/1"}],"replies":[{"embeddable":true,"href":"https:\/\/mdfernandez.com\/ca\/wp-json\/wp\/v2\/comments?post=34"}],"version-history":[{"count":12,"href":"https:\/\/mdfernandez.com\/ca\/wp-json\/wp\/v2\/pages\/34\/revisions"}],"predecessor-version":[{"id":6813,"href":"https:\/\/mdfernandez.com\/ca\/wp-json\/wp\/v2\/pages\/34\/revisions\/6813"}],"wp:attachment":[{"href":"https:\/\/mdfernandez.com\/ca\/wp-json\/wp\/v2\/media?parent=34"}],"curies":[{"name":"wp","href":"https:\/\/api.w.org\/{rel}","templated":true}]}}