{"id":36,"date":"2016-03-03T16:51:31","date_gmt":"2016-03-03T16:51:31","guid":{"rendered":"http:\/\/mdfernandez.com\/newproject\/?page_id=36"},"modified":"2022-03-10T16:56:05","modified_gmt":"2022-03-10T15:56:05","slug":"asesoria-fiscal","status":"publish","type":"page","link":"https:\/\/mdfernandez.com\/ca\/assessoria-fiscal\/","title":{"rendered":"Assessoria fiscal"},"content":{"rendered":"<p>[vc_row][vc_column][vc_column_text]<\/p>\n<p style=\"text-align: justify;\">Sota l&#8217;experta direcci\u00f3 de Mar\u00eda Dolores Fern\u00e1ndez Sainz de la Maza disposem del servei de <strong>assessoria fiscal de Matar\u00f3<\/strong>. Oferim un assessorament fiscal i comptable complet, efectiu i professional tant a particulars com a empreses, ja siguin p\u00fabliques o privades.<\/p>\n<p><img loading=\"lazy\" decoding=\"async\" class=\"alignright wp-image-117 size-full\" src=\"https:\/\/mdfernandez.com\/wp-content\/uploads\/2016\/03\/img4.png\" alt=\"asesorias fiscales\" width=\"540\" height=\"200\" \/><\/p>\n<p style=\"text-align: justify;\">Aix\u00ed mateix, el nostre radi d&#8217;acci\u00f3 no \u00e9s ni de bon tros \u00fanicament local, sin\u00f3 que proporcionem servei legal a nivell nacional i fins i tot internacional. Per a aix\u00f2, per tal de donar un assessorament i una representaci\u00f3 legal efica\u00e7, actual i adaptat a les necessitats dels nostres clients, el nostre gran elenc d&#8217;advocats porta a terme de manera di\u00e0ria un seguiment continu de les noves iniciatives legislatives que tenen lloc tant en nostre pa\u00eds com en el conjunt de la Uni\u00f3 Europea. De la mateixa manera, es mantenen al corrent de com pot arribar a afectar la jurisprud\u00e8ncia del Tribunal de Just\u00edcia de la Uni\u00f3 Europea a tots i cadascun dels nostres clients.<\/p>\n<h2><\/h2>\n<h2 style=\"text-align: justify;\">Assessories fiscals Matar\u00f3<\/h2>\n<p style=\"text-align: justify;\">A difer\u00e8ncia de moltes <strong>assessories fiscals a Matar\u00f3<\/strong>, el despatx de Maria Dolors Fern\u00e1ndez Sainz de la Maza proporciona un servei d&#8217;assessorament i representaci\u00f3 global. \u00c9s a dir, que els professionals al seu c\u00e0rrec compten amb la formaci\u00f3 i l&#8217;experi\u00e8ncia necess\u00e0ries per fer front a qualsevol cas relatiu al dret fiscal o tributari.<\/p>\n<p style=\"text-align: justify;\">En concret, el nostre bufet proporciona als negocis de tota mena -ja siguin petites, mitjanes o grans empreses- els seg\u00fcents serveis:<\/p>\n<ul style=\"text-align: justify;\">\n<li>Disseny i revisi\u00f3 de pol\u00edtiques de preus de transfer\u00e8ncia.<\/li>\n<li>Assist\u00e8ncia en processos amistosos relacionats amb ajustos per preus de transfer\u00e8ncia.<\/li>\n<li>Assessorament en procediments de gesti\u00f3, recaptaci\u00f3, sanci\u00f3 i d&#8217;inspecci\u00f3 tribut\u00e0ria.<\/li>\n<li>Assessorament i planificaci\u00f3 en mat\u00e8ria de Duanes i Imposici\u00f3 indirecta.<\/li>\n<li>Suport en operacions de comer\u00e7 exterior i intracomunitari.<\/li>\n<li>Assist\u00e8ncia legal davant inspeccions, impugnacions i reclamacions de valoracions cadastrals.<\/li>\n<li>Assessorament en processos de venda, compra, fusi\u00f3 i reestructuraci\u00f3 d&#8217;empreses.<\/li>\n<li>Gesti\u00f3 de carteres.<\/li>\n<li>Avaluaci\u00f3 de propostes d&#8217;inversi\u00f3, etc.<\/li>\n<\/ul>\n<p style=\"text-align: justify;\">Posem a disposici\u00f3 dels nostres clients, a m\u00e9s, tota la nostra experi\u00e8ncia com a consultors estrat\u00e8gics i assessors d&#8217;expansi\u00f3 per tal d&#8217;ajudar-los a cr\u00e9ixer i assolir els seus objectius de la manera m\u00e9s r\u00e0pida i segura.<\/p>\n<p style=\"text-align: justify;\">A Matar\u00f3 Agobados treballem per poder-li oferir el millor assessorament i la representaci\u00f3 legal m\u00e9s efectiva en pr\u00e0cticament qualsevol assumpte en el qual es pugui veure involucrat. Des d&#8217;una <a href=\"\/dacion-en-pago\/\">daci\u00f3 en pagament<\/a> fins a un divorci, des de la redacci\u00f3 d&#8217;un testament fins a un proc\u00e9s d&#8217;expansi\u00f3 empresarial. Els nostres advocats li oferiran sempre un tracte personalitzat, transparent i efectiu.<\/p>\n<p>[\/vc_column_text][\/vc_column][\/vc_row]<\/p>","protected":false},"excerpt":{"rendered":"<p>[vc_row][vc_column][vc_column_text] Sota l&#8217;experta direcci\u00f3 de Mar\u00eda Dolores Fern\u00e1ndez Sainz de la Maza disposem del servei de assessoria fiscal de Matar\u00f3. Oferim un assessorament fiscal i comptable complet, [&hellip;]<\/p>\n","protected":false},"author":1,"featured_media":0,"parent":0,"menu_order":0,"comment_status":"closed","ping_status":"closed","template":"","meta":{"footnotes":""},"class_list":["post-36","page","type-page","status-publish","hentry"],"yoast_head":"<!-- This site is optimized with the Yoast SEO plugin v23.2 - https:\/\/yoast.com\/wordpress\/plugins\/seo\/ -->\n<title>Asesoria fiscal Matar\u00f3<\/title>\n<meta name=\"description\" content=\"Asesor\u00eda fiscal de Matar\u00f3. Maria Dolores Fernandez Sainz de la Maza. Asesoramiento fiscal en Matar\u00f3\" \/>\n<meta name=\"robots\" content=\"index, follow, max-snippet:-1, max-image-preview:large, max-video-preview:-1\" \/>\n<link rel=\"canonical\" href=\"https:\/\/mdfernandez.com\/asesoria-fiscal\/\" \/>\n<meta property=\"og:locale\" content=\"en_US\" \/>\n<meta property=\"og:type\" content=\"article\" \/>\n<meta property=\"og:title\" content=\"Asesoria fiscal Matar\u00f3\" \/>\n<meta property=\"og:description\" content=\"Asesor\u00eda fiscal de Matar\u00f3. Maria Dolores Fernandez Sainz de la Maza. Asesoramiento fiscal en Matar\u00f3\" \/>\n<meta property=\"og:url\" content=\"https:\/\/mdfernandez.com\/asesoria-fiscal\/\" \/>\n<meta property=\"og:site_name\" content=\"mdfernandez\" \/>\n<meta property=\"article:modified_time\" content=\"2022-03-10T15:56:05+00:00\" \/>\n<meta property=\"og:image\" content=\"https:\/\/mdfernandez.com\/\/wp-content\/uploads\/2019\/07\/asesoria-fiscal.jpg\" \/>\n<meta name=\"twitter:card\" content=\"summary_large_image\" \/>\n<meta name=\"twitter:label1\" content=\"Est. reading time\" \/>\n\t<meta name=\"twitter:data1\" content=\"5 minutes\" \/>\n<script type=\"application\/ld+json\" class=\"yoast-schema-graph\">{\"@context\":\"https:\/\/schema.org\",\"@graph\":[{\"@type\":\"WebPage\",\"@id\":\"https:\/\/mdfernandez.com\/asesoria-fiscal\/\",\"url\":\"https:\/\/mdfernandez.com\/asesoria-fiscal\/\",\"name\":\"Asesoria fiscal Matar\u00f3\",\"isPartOf\":{\"@id\":\"https:\/\/mdfernandez.com\/#website\"},\"primaryImageOfPage\":{\"@id\":\"https:\/\/mdfernandez.com\/asesoria-fiscal\/#primaryimage\"},\"image\":{\"@id\":\"https:\/\/mdfernandez.com\/asesoria-fiscal\/#primaryimage\"},\"thumbnailUrl\":\"https:\/\/mdfernandez.com\/\/wp-content\/uploads\/2019\/07\/asesoria-fiscal.jpg\",\"datePublished\":\"2016-03-03T16:51:31+00:00\",\"dateModified\":\"2022-03-10T15:56:05+00:00\",\"description\":\"Asesor\u00eda fiscal de Matar\u00f3. Maria Dolores Fernandez Sainz de la Maza. Asesoramiento fiscal en Matar\u00f3\",\"breadcrumb\":{\"@id\":\"https:\/\/mdfernandez.com\/asesoria-fiscal\/#breadcrumb\"},\"inLanguage\":\"ca-CA\",\"potentialAction\":[{\"@type\":\"ReadAction\",\"target\":[\"https:\/\/mdfernandez.com\/asesoria-fiscal\/\"]}]},{\"@type\":\"ImageObject\",\"inLanguage\":\"ca-CA\",\"@id\":\"https:\/\/mdfernandez.com\/asesoria-fiscal\/#primaryimage\",\"url\":\"https:\/\/mdfernandez.com\/\/wp-content\/uploads\/2019\/07\/asesoria-fiscal.jpg\",\"contentUrl\":\"https:\/\/mdfernandez.com\/\/wp-content\/uploads\/2019\/07\/asesoria-fiscal.jpg\"},{\"@type\":\"BreadcrumbList\",\"@id\":\"https:\/\/mdfernandez.com\/asesoria-fiscal\/#breadcrumb\",\"itemListElement\":[{\"@type\":\"ListItem\",\"position\":1,\"name\":\"Portada\",\"item\":\"https:\/\/mdfernandez.com\/\"},{\"@type\":\"ListItem\",\"position\":2,\"name\":\"Asesor\u00eda fiscal\"}]},{\"@type\":\"WebSite\",\"@id\":\"https:\/\/mdfernandez.com\/#website\",\"url\":\"https:\/\/mdfernandez.com\/\",\"name\":\"mdfernandez\",\"description\":\"Abogada Mediadora\",\"potentialAction\":[{\"@type\":\"SearchAction\",\"target\":{\"@type\":\"EntryPoint\",\"urlTemplate\":\"https:\/\/mdfernandez.com\/?s={search_term_string}\"},\"query-input\":\"required name=search_term_string\"}],\"inLanguage\":\"ca-CA\"}]}<\/script>\n<!-- \/ Yoast SEO plugin. -->","yoast_head_json":{"title":"Asesoria fiscal Matar\u00f3","description":"Asesor\u00eda fiscal de Matar\u00f3. Maria Dolores Fernandez Sainz de la Maza. Asesoramiento fiscal en Matar\u00f3","robots":{"index":"index","follow":"follow","max-snippet":"max-snippet:-1","max-image-preview":"max-image-preview:large","max-video-preview":"max-video-preview:-1"},"canonical":"https:\/\/mdfernandez.com\/asesoria-fiscal\/","og_locale":"en_US","og_type":"article","og_title":"Asesoria fiscal Matar\u00f3","og_description":"Asesor\u00eda fiscal de Matar\u00f3. Maria Dolores Fernandez Sainz de la Maza. Asesoramiento fiscal en Matar\u00f3","og_url":"https:\/\/mdfernandez.com\/asesoria-fiscal\/","og_site_name":"mdfernandez","article_modified_time":"2022-03-10T15:56:05+00:00","og_image":[{"url":"https:\/\/mdfernandez.com\/\/wp-content\/uploads\/2019\/07\/asesoria-fiscal.jpg"}],"twitter_card":"summary_large_image","twitter_misc":{"Est. reading time":"5 minutes"},"schema":{"@context":"https:\/\/schema.org","@graph":[{"@type":"WebPage","@id":"https:\/\/mdfernandez.com\/asesoria-fiscal\/","url":"https:\/\/mdfernandez.com\/asesoria-fiscal\/","name":"Asesoria fiscal Matar\u00f3","isPartOf":{"@id":"https:\/\/mdfernandez.com\/#website"},"primaryImageOfPage":{"@id":"https:\/\/mdfernandez.com\/asesoria-fiscal\/#primaryimage"},"image":{"@id":"https:\/\/mdfernandez.com\/asesoria-fiscal\/#primaryimage"},"thumbnailUrl":"https:\/\/mdfernandez.com\/\/wp-content\/uploads\/2019\/07\/asesoria-fiscal.jpg","datePublished":"2016-03-03T16:51:31+00:00","dateModified":"2022-03-10T15:56:05+00:00","description":"Asesor\u00eda fiscal de Matar\u00f3. Maria Dolores Fernandez Sainz de la Maza. Asesoramiento fiscal en Matar\u00f3","breadcrumb":{"@id":"https:\/\/mdfernandez.com\/asesoria-fiscal\/#breadcrumb"},"inLanguage":"ca-CA","potentialAction":[{"@type":"ReadAction","target":["https:\/\/mdfernandez.com\/asesoria-fiscal\/"]}]},{"@type":"ImageObject","inLanguage":"ca-CA","@id":"https:\/\/mdfernandez.com\/asesoria-fiscal\/#primaryimage","url":"https:\/\/mdfernandez.com\/\/wp-content\/uploads\/2019\/07\/asesoria-fiscal.jpg","contentUrl":"https:\/\/mdfernandez.com\/\/wp-content\/uploads\/2019\/07\/asesoria-fiscal.jpg"},{"@type":"BreadcrumbList","@id":"https:\/\/mdfernandez.com\/asesoria-fiscal\/#breadcrumb","itemListElement":[{"@type":"ListItem","position":1,"name":"Portada","item":"https:\/\/mdfernandez.com\/"},{"@type":"ListItem","position":2,"name":"Asesor\u00eda fiscal"}]},{"@type":"WebSite","@id":"https:\/\/mdfernandez.com\/#website","url":"https:\/\/mdfernandez.com\/","name":"mdfernandez","description":"Abogada Mediadora","potentialAction":[{"@type":"SearchAction","target":{"@type":"EntryPoint","urlTemplate":"https:\/\/mdfernandez.com\/?s={search_term_string}"},"query-input":"required name=search_term_string"}],"inLanguage":"ca-CA"}]}},"_links":{"self":[{"href":"https:\/\/mdfernandez.com\/ca\/wp-json\/wp\/v2\/pages\/36","targetHints":{"allow":["GET"]}}],"collection":[{"href":"https:\/\/mdfernandez.com\/ca\/wp-json\/wp\/v2\/pages"}],"about":[{"href":"https:\/\/mdfernandez.com\/ca\/wp-json\/wp\/v2\/types\/page"}],"author":[{"embeddable":true,"href":"https:\/\/mdfernandez.com\/ca\/wp-json\/wp\/v2\/users\/1"}],"replies":[{"embeddable":true,"href":"https:\/\/mdfernandez.com\/ca\/wp-json\/wp\/v2\/comments?post=36"}],"version-history":[{"count":9,"href":"https:\/\/mdfernandez.com\/ca\/wp-json\/wp\/v2\/pages\/36\/revisions"}],"predecessor-version":[{"id":6811,"href":"https:\/\/mdfernandez.com\/ca\/wp-json\/wp\/v2\/pages\/36\/revisions\/6811"}],"wp:attachment":[{"href":"https:\/\/mdfernandez.com\/ca\/wp-json\/wp\/v2\/media?parent=36"}],"curies":[{"name":"wp","href":"https:\/\/api.w.org\/{rel}","templated":true}]}}