{"id":4948,"date":"2018-01-04T13:47:55","date_gmt":"2018-01-04T13:47:55","guid":{"rendered":"https:\/\/keydesign-themes.com\/leadengine\/?page_id=4948"},"modified":"2020-04-27T13:27:13","modified_gmt":"2020-04-27T11:27:13","slug":"home","status":"publish","type":"page","link":"https:\/\/mdfernandez.com\/ca\/","title":{"rendered":"Inici"},"content":{"rendered":"<p>[vc_row css=&#8221;.vc_custom_1518772640980{margin-top: 45px !important;}&#8221;][vc_column][rev_slider_vc alias=&#8221;finance-slider&#8221;][\/vc_column][\/vc_row][vc_row css=&#8221;.vc_custom_1519723511684{padding-bottom: 90px !important;}&#8221;][vc_column css=&#8221;.vc_custom_1518770706301{padding-right: 0px !important;padding-left: 0px !important;}&#8221;][vc_empty_space height=&#8221;52px&#8221;][vc_row_inner][vc_column_inner width=&#8221;1\/3&#8243; css=&#8221;.vc_custom_1519723573923{padding-right: 50px !important;}&#8221; offset=&#8221;vc_col-lg-4 vc_col-md-12&#8243;][vc_custom_heading text=&#8221;Advocats a Matar\u00f3&#8221; font_container=&#8221;tag:h1|text_align:left&#8221; use_theme_fonts=&#8221;yes&#8221; css_animation=&#8221;fadeIn&#8221;][\/vc_column_inner][vc_column_inner width=&#8221;2\/3&#8243; offset=&#8221;vc_col-lg-8 vc_col-md-12&#8243;][vc_custom_heading text=&#8221;Us donem la benvinguda al nostre bufet d\u2019advocats a Matar\u00f3. MDF Advocats som una signatura seriosa, professional i amb un gran recorregut, especialista en \u00e0mbits del Dret com el matrimonial, el familiar i el dret de successions. Per aix\u00f2, entre els nostres juristes vost\u00e8 podr\u00e0 disposar de qualsevol advocat civilista, especialitzat en her\u00e8ncies, divorcis, incapacitats i reclamacions de quantitat.&#8221; font_container=&#8221;tag:h6|text_align:left&#8221; use_theme_fonts=&#8221;yes&#8221; css_animation=&#8221;fadeIn&#8221;][\/vc_column_inner][\/vc_row_inner][vc_empty_space height=&#8221;52px&#8221;][vc_column_text]Designada pels nostres propis clients com una de les millors mediadores i juristes en mat\u00e8ria de divorcis de Barcelona, Maria Dolors Fern\u00e1ndez Sainz de la Maza \u00e9s l\u2019advocada a Matar\u00f3 responsable de MDF Advocats. Ella ha estat l\u2019encarregada de triar un a un cada advocat que treballa a dia d\u2019avui al bufet amb l\u2019objectiu de contractar nom\u00e9s als millors. \u00c9s a dir, aquells la professionalitat estigui fora de tot dubte i comptin amb un ampli nombre de casos resolts amb \u00e8xit a l\u2019esquena.<\/p>\n<p>&nbsp;<\/p>\n<p>&nbsp;<\/p>\n<p dir=\"ltr\">Comptar, per tant, amb els serveis dels nostres advocats de Matar\u00f3 \u00e9s comptar amb un assessorament de qualitat i la seguretat no nom\u00e9s de ser part activa del proc\u00e9s, sin\u00f3 tamb\u00e9 d\u2019aconseguir els m\u00e0xims beneficis en el cas que el tr\u00e0mit acabi en els tribunals. Sobretot en el cas dels nostres\u00a0<a href=\"https:\/\/mdfernandez.com\/abogados-divorcios\/\">advocats de divorcis a Matar\u00f3<\/a>.<\/p>\n<p>[\/vc_column_text][vc_row_inner disable_element=&#8221;yes&#8221; css=&#8221;.vc_custom_1564408642796{padding-top: 100px !important;padding-right: 0px !important;padding-bottom: 20px !important;padding-left: 0px !important;}&#8221;][vc_column_inner width=&#8221;1\/3&#8243;]<div class=\"cb-container kd-animated fadeInUp \" ><div class=\"cb-img-area\"><i class=\"iconsmind-Box-Full fa\" style=\" color: #7d2938;\"><\/i> <\/div><div class=\"cb-text-area\">\n                    <h4 class=\"cb-heading \">Divorcios<\/h4><p>Especialistas en el campo con m\u00e1s de cien casos de divorcio, nulidad matrimonial y separaci\u00f3n de manera satisfactoria para nuestros clientes.<\/p><\/div><\/div>[\/vc_column_inner][vc_column_inner width=&#8221;1\/3&#8243;]<div class=\"cb-container kd-animated fadeInUp \" data-animation-delay=200><div class=\"cb-img-area\"><i class=\"iconsmind-Business-ManWoman fa\" style=\" color: #7d2938;\"><\/i> <\/div><div class=\"cb-text-area\">\n                    <h4 class=\"cb-heading \">Familia<\/h4><p>Abogados especialistas en Familia, el mejor asesoramiento para tramites de adopci\u00f3n, pensiones alimenticias, nulidad matrimonial, etc.<\/p><\/div><\/div>[\/vc_column_inner][vc_column_inner width=&#8221;1\/3&#8243;]<div class=\"cb-container kd-animated fadeInUp \" data-animation-delay=400><div class=\"cb-img-area\"><i class=\"iconsmind-Basket-Coins fa\" style=\" color: #7d2938;\"><\/i> <\/div><div class=\"cb-text-area\">\n                    <h4 class=\"cb-heading \">Herencias<\/h4><p>Asesoramiento para llevar a cabo la redacci\u00f3n de su testamento, la desheredaci\u00f3n, etc, relacionado con el Derecho sucesorio.<\/p><\/div><\/div>[\/vc_column_inner][\/vc_row_inner][\/vc_column][\/vc_row][vc_row full_width=&#8221;stretch_row&#8221; css=&#8221;.vc_custom_1518444943686{padding-top: 100px !important;padding-bottom: 100px !important;background-color: #f7f7f7 !important;}&#8221;][vc_column width=&#8221;1\/2&#8243; offset=&#8221;vc_hidden-md vc_hidden-sm vc_hidden-xs&#8221;][vc_column_text]<img loading=\"lazy\" decoding=\"async\" class=\"size-full wp-image-6512 aligncenter\" src=\"https:\/\/mdfernandez.com\/\/wp-content\/uploads\/2019\/07\/divorcio.jpg\" alt=\"abogados en mataro\" width=\"2500\" height=\"1667\" srcset=\"https:\/\/mdfernandez.com\/wp-content\/uploads\/2019\/07\/divorcio.jpg 2500w, https:\/\/mdfernandez.com\/wp-content\/uploads\/2019\/07\/divorcio-300x200.jpg 300w, https:\/\/mdfernandez.com\/wp-content\/uploads\/2019\/07\/divorcio-768x512.jpg 768w, https:\/\/mdfernandez.com\/wp-content\/uploads\/2019\/07\/divorcio-1024x683.jpg 1024w\" sizes=\"(max-width: 2500px) 100vw, 2500px\" \/>[\/vc_column_text][\/vc_column][vc_column width=&#8221;1\/2&#8243; css=&#8221;.vc_custom_1519723605174{padding-top: 45px !important;padding-left: 80px !important;}&#8221; offset=&#8221;vc_col-lg-6 vc_col-md-12 vc_col-xs-12&#8243;][vc_column_text]<\/p>\n<h2>Advocats Matar\u00f3<\/h2>\n<p>Els nostres <strong>advocats<\/strong>\u00a0els aportaran l\u2019assessorament i la representaci\u00f3 legal que vost\u00e8s necessiten. Nom\u00e9s cal que es posin en contacte amb nosaltres a trav\u00e9s d\u2019un dels nostres n\u00fameros de tel\u00e8fon (937419395 i 666503325) o del nostre llibre de visites i qualsevol dels nostres\u00a0<strong>advocats a Matar\u00f3<\/strong>\u00a0s\u2019encarregar\u00e0 de resoldre tots els dubtes que ens facin arribar sense cap mena de comprom\u00eds. Des de MDF Advocats ens adaptarem als seus horaris.<\/p>\n<p>&nbsp;<\/p>\n<p>En definitiva, si est\u00e0 buscant un advocat a Matar\u00f3 que li parli clar, l\u2019assessori i li garanteixi els millors resultats no dubti a posar-se en contacte amb MDF Advocats.[\/vc_column_text][\/vc_column][\/vc_row]<\/p>","protected":false},"excerpt":{"rendered":"<p>[vc_row css=&#8221;.vc_custom_1518772640980{margin-top: 45px !important;}&#8221;][vc_column][rev_slider_vc alias=&#8221;finance-slider&#8221;][\/vc_column][\/vc_row][vc_row css=&#8221;.vc_custom_1519723511684{padding-bottom: 90px !important;}&#8221;][vc_column css=&#8221;.vc_custom_1518770706301{padding-right: 0px !important;padding-left: 0px !important;}&#8221;][vc_empty_space height=&#8221;52px&#8221;][vc_row_inner][vc_column_inner width=&#8221;1\/3&#8243; css=&#8221;.vc_custom_1519723573923{padding-right: 50px !important;}&#8221; offset=&#8221;vc_col-lg-4 vc_col-md-12&#8243;][vc_custom_heading text=&#8221;Advocats a Matar\u00f3&#8221; font_container=&#8221;tag:h1|text_align:left&#8221; use_theme_fonts=&#8221;yes&#8221; css_animation=&#8221;fadeIn&#8221;][\/vc_column_inner][vc_column_inner width=&#8221;2\/3&#8243; [&hellip;]<\/p>\n","protected":false},"author":1,"featured_media":0,"parent":0,"menu_order":0,"comment_status":"closed","ping_status":"closed","template":"","meta":{"footnotes":""},"yoast_head":"<!-- This site is optimized with the Yoast SEO plugin v23.2 - https:\/\/yoast.com\/wordpress\/plugins\/seo\/ -->\n<title>MDF Abogados Matar\u00f3. Abogados Barcelona<\/title>\n<meta name=\"description\" content=\"Abogados Matar\u00f3 multidisciplinares. Maria Dolores Fernandez Sainz de la Maza. Abogada en Matar\u00f3, muy cerca de Barcelona ciudad.\u00a0\" \/>\n<meta name=\"robots\" content=\"index, follow, max-snippet:-1, max-image-preview:large, max-video-preview:-1\" \/>\n<link rel=\"canonical\" href=\"https:\/\/mdfernandez.com\/\" \/>\n<meta property=\"og:locale\" content=\"en_US\" \/>\n<meta property=\"og:type\" content=\"article\" \/>\n<meta property=\"og:title\" content=\"MDF Abogados Matar\u00f3. Abogados Barcelona\" \/>\n<meta property=\"og:description\" content=\"Abogados Matar\u00f3 multidisciplinares. Maria Dolores Fernandez Sainz de la Maza. Abogada en Matar\u00f3, muy cerca de Barcelona ciudad.\u00a0\" \/>\n<meta property=\"og:url\" content=\"https:\/\/mdfernandez.com\/\" \/>\n<meta property=\"og:site_name\" content=\"mdfernandez\" \/>\n<meta property=\"article:modified_time\" content=\"2020-04-27T11:27:13+00:00\" \/>\n<meta property=\"og:image\" content=\"https:\/\/mdfernandez.com\/\/wp-content\/uploads\/2019\/07\/divorcio.jpg\" \/>\n<meta name=\"twitter:card\" content=\"summary_large_image\" \/>\n<meta name=\"twitter:label1\" content=\"Est. reading time\" \/>\n\t<meta name=\"twitter:data1\" content=\"7 minutes\" \/>\n<script type=\"application\/ld+json\" class=\"yoast-schema-graph\">{\"@context\":\"https:\/\/schema.org\",\"@graph\":[{\"@type\":\"WebPage\",\"@id\":\"https:\/\/mdfernandez.com\/\",\"url\":\"https:\/\/mdfernandez.com\/\",\"name\":\"MDF Abogados Matar\u00f3. Abogados Barcelona\",\"isPartOf\":{\"@id\":\"https:\/\/mdfernandez.com\/#website\"},\"primaryImageOfPage\":{\"@id\":\"https:\/\/mdfernandez.com\/#primaryimage\"},\"image\":{\"@id\":\"https:\/\/mdfernandez.com\/#primaryimage\"},\"thumbnailUrl\":\"https:\/\/mdfernandez.com\/\/wp-content\/uploads\/2019\/07\/divorcio.jpg\",\"datePublished\":\"2018-01-04T13:47:55+00:00\",\"dateModified\":\"2020-04-27T11:27:13+00:00\",\"description\":\"Abogados Matar\u00f3 multidisciplinares. Maria Dolores Fernandez Sainz de la Maza. Abogada en Matar\u00f3, muy cerca de Barcelona ciudad.\u00a0\",\"breadcrumb\":{\"@id\":\"https:\/\/mdfernandez.com\/#breadcrumb\"},\"inLanguage\":\"ca-CA\",\"potentialAction\":[{\"@type\":\"ReadAction\",\"target\":[\"https:\/\/mdfernandez.com\/\"]}]},{\"@type\":\"ImageObject\",\"inLanguage\":\"ca-CA\",\"@id\":\"https:\/\/mdfernandez.com\/#primaryimage\",\"url\":\"https:\/\/mdfernandez.com\/\/wp-content\/uploads\/2019\/07\/divorcio.jpg\",\"contentUrl\":\"https:\/\/mdfernandez.com\/\/wp-content\/uploads\/2019\/07\/divorcio.jpg\"},{\"@type\":\"BreadcrumbList\",\"@id\":\"https:\/\/mdfernandez.com\/#breadcrumb\",\"itemListElement\":[{\"@type\":\"ListItem\",\"position\":1,\"name\":\"Portada\",\"item\":\"https:\/\/mdfernandez.com\/\"},{\"@type\":\"ListItem\",\"position\":2,\"name\":\"Inicio\"}]},{\"@type\":\"WebSite\",\"@id\":\"https:\/\/mdfernandez.com\/#website\",\"url\":\"https:\/\/mdfernandez.com\/\",\"name\":\"mdfernandez\",\"description\":\"Abogada Mediadora\",\"potentialAction\":[{\"@type\":\"SearchAction\",\"target\":{\"@type\":\"EntryPoint\",\"urlTemplate\":\"https:\/\/mdfernandez.com\/?s={search_term_string}\"},\"query-input\":\"required name=search_term_string\"}],\"inLanguage\":\"ca-CA\"}]}<\/script>\n<!-- \/ Yoast SEO plugin. -->","yoast_head_json":{"title":"MDF Abogados Matar\u00f3. Abogados Barcelona","description":"Abogados Matar\u00f3 multidisciplinares. Maria Dolores Fernandez Sainz de la Maza. Abogada en Matar\u00f3, muy cerca de Barcelona ciudad.\u00a0","robots":{"index":"index","follow":"follow","max-snippet":"max-snippet:-1","max-image-preview":"max-image-preview:large","max-video-preview":"max-video-preview:-1"},"canonical":"https:\/\/mdfernandez.com\/","og_locale":"en_US","og_type":"article","og_title":"MDF Abogados Matar\u00f3. Abogados Barcelona","og_description":"Abogados Matar\u00f3 multidisciplinares. Maria Dolores Fernandez Sainz de la Maza. Abogada en Matar\u00f3, muy cerca de Barcelona ciudad.\u00a0","og_url":"https:\/\/mdfernandez.com\/","og_site_name":"mdfernandez","article_modified_time":"2020-04-27T11:27:13+00:00","og_image":[{"url":"https:\/\/mdfernandez.com\/\/wp-content\/uploads\/2019\/07\/divorcio.jpg"}],"twitter_card":"summary_large_image","twitter_misc":{"Est. reading time":"7 minutes"},"schema":{"@context":"https:\/\/schema.org","@graph":[{"@type":"WebPage","@id":"https:\/\/mdfernandez.com\/","url":"https:\/\/mdfernandez.com\/","name":"MDF Abogados Matar\u00f3. Abogados Barcelona","isPartOf":{"@id":"https:\/\/mdfernandez.com\/#website"},"primaryImageOfPage":{"@id":"https:\/\/mdfernandez.com\/#primaryimage"},"image":{"@id":"https:\/\/mdfernandez.com\/#primaryimage"},"thumbnailUrl":"https:\/\/mdfernandez.com\/\/wp-content\/uploads\/2019\/07\/divorcio.jpg","datePublished":"2018-01-04T13:47:55+00:00","dateModified":"2020-04-27T11:27:13+00:00","description":"Abogados Matar\u00f3 multidisciplinares. Maria Dolores Fernandez Sainz de la Maza. Abogada en Matar\u00f3, muy cerca de Barcelona ciudad.\u00a0","breadcrumb":{"@id":"https:\/\/mdfernandez.com\/#breadcrumb"},"inLanguage":"ca-CA","potentialAction":[{"@type":"ReadAction","target":["https:\/\/mdfernandez.com\/"]}]},{"@type":"ImageObject","inLanguage":"ca-CA","@id":"https:\/\/mdfernandez.com\/#primaryimage","url":"https:\/\/mdfernandez.com\/\/wp-content\/uploads\/2019\/07\/divorcio.jpg","contentUrl":"https:\/\/mdfernandez.com\/\/wp-content\/uploads\/2019\/07\/divorcio.jpg"},{"@type":"BreadcrumbList","@id":"https:\/\/mdfernandez.com\/#breadcrumb","itemListElement":[{"@type":"ListItem","position":1,"name":"Portada","item":"https:\/\/mdfernandez.com\/"},{"@type":"ListItem","position":2,"name":"Inicio"}]},{"@type":"WebSite","@id":"https:\/\/mdfernandez.com\/#website","url":"https:\/\/mdfernandez.com\/","name":"mdfernandez","description":"Abogada Mediadora","potentialAction":[{"@type":"SearchAction","target":{"@type":"EntryPoint","urlTemplate":"https:\/\/mdfernandez.com\/?s={search_term_string}"},"query-input":"required name=search_term_string"}],"inLanguage":"ca-CA"}]}},"_links":{"self":[{"href":"https:\/\/mdfernandez.com\/ca\/wp-json\/wp\/v2\/pages\/4948"}],"collection":[{"href":"https:\/\/mdfernandez.com\/ca\/wp-json\/wp\/v2\/pages"}],"about":[{"href":"https:\/\/mdfernandez.com\/ca\/wp-json\/wp\/v2\/types\/page"}],"author":[{"embeddable":true,"href":"https:\/\/mdfernandez.com\/ca\/wp-json\/wp\/v2\/users\/1"}],"replies":[{"embeddable":true,"href":"https:\/\/mdfernandez.com\/ca\/wp-json\/wp\/v2\/comments?post=4948"}],"version-history":[{"count":22,"href":"https:\/\/mdfernandez.com\/ca\/wp-json\/wp\/v2\/pages\/4948\/revisions"}],"predecessor-version":[{"id":6764,"href":"https:\/\/mdfernandez.com\/ca\/wp-json\/wp\/v2\/pages\/4948\/revisions\/6764"}],"wp:attachment":[{"href":"https:\/\/mdfernandez.com\/ca\/wp-json\/wp\/v2\/media?parent=4948"}],"curies":[{"name":"wp","href":"https:\/\/api.w.org\/{rel}","templated":true}]}}