{"id":9,"date":"2016-03-03T16:09:30","date_gmt":"2016-03-03T16:09:30","guid":{"rendered":"http:\/\/mdfernandez.com\/newproject\/?page_id=9"},"modified":"2019-11-25T11:18:09","modified_gmt":"2019-11-25T10:18:09","slug":"servicios","status":"publish","type":"page","link":"https:\/\/mdfernandez.com\/ca\/serveis\/","title":{"rendered":"Assesorament"},"content":{"rendered":"<p>[vc_row][vc_column width=&#8221;1\/2&#8243;][vc_column_text]<\/p>\n<p>Assessorament legal d&#8217;assumptes civils i penals:<\/p>\n<ul>\n<li>Civil I Familia: processos judicial I extrajudicials en materia d\u2019her\u00e8ncies, divorcis, contractes de compravenda, lloguer, reclamacions de quantitats, incapacitats, adopcions.<\/li>\n<li>Penal: Judicis de faltes, violencia de g\u00e8nere, violencia dom\u00e8stica.<\/li>\n<\/ul>\n<p>Execucions judicials.<\/p>\n<p>Assessorament Fiscal Empreses \/ aut\u00f2noms:<\/p>\n<ul>\n<li>Disseny de l\u2019estructura comptable.<\/li>\n<li>Seguiment sistem\u00e0tic del proc\u00e9s comptable.<\/li>\n<li>Serveis de comptabilitzaci\u00f3 i mecanitzaci\u00f3.<\/li>\n<li>Revisions, pre-auditoria i pre-inspeccions.<\/li>\n<li>Planificaci\u00f3 fiscal a curt termini.<\/li>\n<li>Liquidaci\u00f3 d\u2019impostos: renda, societats, successions, etc.<\/li>\n<li>Confecci\u00f3 de Comptes Anuals.<\/li>\n<li>Assessorament i assist\u00e8ncia a inspeccions.<\/li>\n<\/ul>\n<p>Gesti\u00f3 IBI.<\/p>\n<p>Impost sobre la Renda de les Persones F\u00edsiques i jur\u00eddiques.<\/p>\n<p><img loading=\"lazy\" decoding=\"async\" class=\"alignleft wp-image-94 size-full\" src=\"https:\/\/mdfernandez.com\/wp-content\/uploads\/2016\/03\/img1.png\" alt=\"assessorament legal\" width=\"540\" height=\"200\" \/>[\/vc_column_text][\/vc_column][vc_column width=&#8221;1\/2&#8243;][vc_column_text]<\/p>\n<p>Assegurances vehicles i de bens immobles.<\/p>\n<p>Reclamacions patrimonials.<\/p>\n<p>Finances:<\/p>\n<ul>\n<li>Diagnosi de la situaci\u00f3n financera.<\/li>\n<li>Planificaci\u00f3 financera.<\/li>\n<li>Operacions de refinan\u00e7ament.<\/li>\n<li>Assessorament i assist\u00e8ncia en operacions banc\u00e0ries.<\/li>\n<li>Gesti\u00f3 de tresoreria.<\/li>\n<li>Auditoria de l\u2019operativa empresa-banca.<\/li>\n<li>Assessorament de gesti\u00f3 de patrimonis.<\/li>\n<li>Auditoria de comptes.<\/li>\n<li>Tramitaci\u00f3 de subvencions.<\/li>\n<li>Reclamacions a entitats banc\u00e0ries de swaps, deutes subordinats, participacions preferents i altres productes bancaris.<\/li>\n<\/ul>\n<p>Mercantil: Constitucions de societats, gesti\u00f3 societ\u00e0ria, reestructuraci\u00f3 empresarial, apoderaments.<\/p>\n<p>Laboral. Incapacitats per invalidesa davant la Seguretat Social.<\/p>\n<p>Redacci\u00f3 de dictamens.<\/p>\n<p>Assessorament i assist\u00e9ncia jur\u00eddica en negociacions i transaccions.<\/p>\n<p>Direcci\u00f3 i seguiment d\u2019assumptes judicials.<\/p>\n<p>Arrendaments: confecci\u00f3 de contractes, reclamacions de rendes.<\/p>\n<p>Comunitari: reclamaci\u00f3 de quotes comunitaries, impugnaci\u00f3 d\u2019actes comunit\u00e0ries.<\/p>\n<p>Execucions Judicials.<\/p>\n<p>[\/vc_column_text][\/vc_column][\/vc_row]<\/p>","protected":false},"excerpt":{"rendered":"<p>[vc_row][vc_column width=&#8221;1\/2&#8243;][vc_column_text] Assessorament legal d&#8217;assumptes civils i penals: Civil I Familia: processos judicial I extrajudicials en materia d\u2019her\u00e8ncies, divorcis, contractes de compravenda, lloguer, reclamacions de quantitats, incapacitats, [&hellip;]<\/p>\n","protected":false},"author":1,"featured_media":0,"parent":0,"menu_order":0,"comment_status":"closed","ping_status":"closed","template":"","meta":{"footnotes":""},"class_list":["post-9","page","type-page","status-publish","hentry"],"yoast_head":"<!-- This site is optimized with the Yoast SEO plugin v23.2 - https:\/\/yoast.com\/wordpress\/plugins\/seo\/ -->\n<title>Servicios MDF Abogados Matar\u00f3<\/title>\n<meta name=\"description\" content=\"MDF Abogados Matar\u00f3. Te ofrecemos todo tipo de servicio de asesoramiento legal, divorcio, familia, herencia, matrimonio. Asesoramiento contable y fiscal Barcelona\" \/>\n<meta name=\"robots\" content=\"index, follow, max-snippet:-1, max-image-preview:large, max-video-preview:-1\" \/>\n<link rel=\"canonical\" href=\"https:\/\/mdfernandez.com\/servicios\/\" \/>\n<meta property=\"og:locale\" content=\"en_US\" \/>\n<meta property=\"og:type\" content=\"article\" \/>\n<meta property=\"og:title\" content=\"Servicios MDF Abogados Matar\u00f3\" \/>\n<meta property=\"og:description\" content=\"MDF Abogados Matar\u00f3. Te ofrecemos todo tipo de servicio de asesoramiento legal, divorcio, familia, herencia, matrimonio. Asesoramiento contable y fiscal Barcelona\" \/>\n<meta property=\"og:url\" content=\"https:\/\/mdfernandez.com\/servicios\/\" \/>\n<meta property=\"og:site_name\" content=\"mdfernandez\" \/>\n<meta property=\"article:modified_time\" content=\"2019-11-25T10:18:09+00:00\" \/>\n<meta property=\"og:image\" content=\"https:\/\/mdfernandez.com\/\/wp-content\/uploads\/2019\/07\/servicios-1024x640.jpg\" \/>\n<meta name=\"twitter:card\" content=\"summary_large_image\" \/>\n<meta name=\"twitter:label1\" content=\"Est. reading time\" \/>\n\t<meta name=\"twitter:data1\" content=\"3 minutes\" \/>\n<script type=\"application\/ld+json\" class=\"yoast-schema-graph\">{\"@context\":\"https:\/\/schema.org\",\"@graph\":[{\"@type\":\"WebPage\",\"@id\":\"https:\/\/mdfernandez.com\/servicios\/\",\"url\":\"https:\/\/mdfernandez.com\/servicios\/\",\"name\":\"Servicios MDF Abogados Matar\u00f3\",\"isPartOf\":{\"@id\":\"https:\/\/mdfernandez.com\/#website\"},\"primaryImageOfPage\":{\"@id\":\"https:\/\/mdfernandez.com\/servicios\/#primaryimage\"},\"image\":{\"@id\":\"https:\/\/mdfernandez.com\/servicios\/#primaryimage\"},\"thumbnailUrl\":\"https:\/\/mdfernandez.com\/\/wp-content\/uploads\/2019\/07\/servicios-1024x640.jpg\",\"datePublished\":\"2016-03-03T16:09:30+00:00\",\"dateModified\":\"2019-11-25T10:18:09+00:00\",\"description\":\"MDF Abogados Matar\u00f3. Te ofrecemos todo tipo de servicio de asesoramiento legal, divorcio, familia, herencia, matrimonio. Asesoramiento contable y fiscal Barcelona\",\"breadcrumb\":{\"@id\":\"https:\/\/mdfernandez.com\/servicios\/#breadcrumb\"},\"inLanguage\":\"ca-CA\",\"potentialAction\":[{\"@type\":\"ReadAction\",\"target\":[\"https:\/\/mdfernandez.com\/servicios\/\"]}]},{\"@type\":\"ImageObject\",\"inLanguage\":\"ca-CA\",\"@id\":\"https:\/\/mdfernandez.com\/servicios\/#primaryimage\",\"url\":\"https:\/\/mdfernandez.com\/\/wp-content\/uploads\/2019\/07\/servicios-1024x640.jpg\",\"contentUrl\":\"https:\/\/mdfernandez.com\/\/wp-content\/uploads\/2019\/07\/servicios-1024x640.jpg\"},{\"@type\":\"BreadcrumbList\",\"@id\":\"https:\/\/mdfernandez.com\/servicios\/#breadcrumb\",\"itemListElement\":[{\"@type\":\"ListItem\",\"position\":1,\"name\":\"Portada\",\"item\":\"https:\/\/mdfernandez.com\/\"},{\"@type\":\"ListItem\",\"position\":2,\"name\":\"Asesoramiento\"}]},{\"@type\":\"WebSite\",\"@id\":\"https:\/\/mdfernandez.com\/#website\",\"url\":\"https:\/\/mdfernandez.com\/\",\"name\":\"mdfernandez\",\"description\":\"Abogada Mediadora\",\"potentialAction\":[{\"@type\":\"SearchAction\",\"target\":{\"@type\":\"EntryPoint\",\"urlTemplate\":\"https:\/\/mdfernandez.com\/?s={search_term_string}\"},\"query-input\":\"required name=search_term_string\"}],\"inLanguage\":\"ca-CA\"}]}<\/script>\n<!-- \/ Yoast SEO plugin. -->","yoast_head_json":{"title":"Servicios MDF Abogados Matar\u00f3","description":"MDF Abogados Matar\u00f3. Te ofrecemos todo tipo de servicio de asesoramiento legal, divorcio, familia, herencia, matrimonio. Asesoramiento contable y fiscal Barcelona","robots":{"index":"index","follow":"follow","max-snippet":"max-snippet:-1","max-image-preview":"max-image-preview:large","max-video-preview":"max-video-preview:-1"},"canonical":"https:\/\/mdfernandez.com\/servicios\/","og_locale":"en_US","og_type":"article","og_title":"Servicios MDF Abogados Matar\u00f3","og_description":"MDF Abogados Matar\u00f3. Te ofrecemos todo tipo de servicio de asesoramiento legal, divorcio, familia, herencia, matrimonio. Asesoramiento contable y fiscal Barcelona","og_url":"https:\/\/mdfernandez.com\/servicios\/","og_site_name":"mdfernandez","article_modified_time":"2019-11-25T10:18:09+00:00","og_image":[{"url":"https:\/\/mdfernandez.com\/\/wp-content\/uploads\/2019\/07\/servicios-1024x640.jpg"}],"twitter_card":"summary_large_image","twitter_misc":{"Est. reading time":"3 minutes"},"schema":{"@context":"https:\/\/schema.org","@graph":[{"@type":"WebPage","@id":"https:\/\/mdfernandez.com\/servicios\/","url":"https:\/\/mdfernandez.com\/servicios\/","name":"Servicios MDF Abogados Matar\u00f3","isPartOf":{"@id":"https:\/\/mdfernandez.com\/#website"},"primaryImageOfPage":{"@id":"https:\/\/mdfernandez.com\/servicios\/#primaryimage"},"image":{"@id":"https:\/\/mdfernandez.com\/servicios\/#primaryimage"},"thumbnailUrl":"https:\/\/mdfernandez.com\/\/wp-content\/uploads\/2019\/07\/servicios-1024x640.jpg","datePublished":"2016-03-03T16:09:30+00:00","dateModified":"2019-11-25T10:18:09+00:00","description":"MDF Abogados Matar\u00f3. Te ofrecemos todo tipo de servicio de asesoramiento legal, divorcio, familia, herencia, matrimonio. Asesoramiento contable y fiscal Barcelona","breadcrumb":{"@id":"https:\/\/mdfernandez.com\/servicios\/#breadcrumb"},"inLanguage":"ca-CA","potentialAction":[{"@type":"ReadAction","target":["https:\/\/mdfernandez.com\/servicios\/"]}]},{"@type":"ImageObject","inLanguage":"ca-CA","@id":"https:\/\/mdfernandez.com\/servicios\/#primaryimage","url":"https:\/\/mdfernandez.com\/\/wp-content\/uploads\/2019\/07\/servicios-1024x640.jpg","contentUrl":"https:\/\/mdfernandez.com\/\/wp-content\/uploads\/2019\/07\/servicios-1024x640.jpg"},{"@type":"BreadcrumbList","@id":"https:\/\/mdfernandez.com\/servicios\/#breadcrumb","itemListElement":[{"@type":"ListItem","position":1,"name":"Portada","item":"https:\/\/mdfernandez.com\/"},{"@type":"ListItem","position":2,"name":"Asesoramiento"}]},{"@type":"WebSite","@id":"https:\/\/mdfernandez.com\/#website","url":"https:\/\/mdfernandez.com\/","name":"mdfernandez","description":"Abogada Mediadora","potentialAction":[{"@type":"SearchAction","target":{"@type":"EntryPoint","urlTemplate":"https:\/\/mdfernandez.com\/?s={search_term_string}"},"query-input":"required name=search_term_string"}],"inLanguage":"ca-CA"}]}},"_links":{"self":[{"href":"https:\/\/mdfernandez.com\/ca\/wp-json\/wp\/v2\/pages\/9","targetHints":{"allow":["GET"]}}],"collection":[{"href":"https:\/\/mdfernandez.com\/ca\/wp-json\/wp\/v2\/pages"}],"about":[{"href":"https:\/\/mdfernandez.com\/ca\/wp-json\/wp\/v2\/types\/page"}],"author":[{"embeddable":true,"href":"https:\/\/mdfernandez.com\/ca\/wp-json\/wp\/v2\/users\/1"}],"replies":[{"embeddable":true,"href":"https:\/\/mdfernandez.com\/ca\/wp-json\/wp\/v2\/comments?post=9"}],"version-history":[{"count":16,"href":"https:\/\/mdfernandez.com\/ca\/wp-json\/wp\/v2\/pages\/9\/revisions"}],"predecessor-version":[{"id":6713,"href":"https:\/\/mdfernandez.com\/ca\/wp-json\/wp\/v2\/pages\/9\/revisions\/6713"}],"wp:attachment":[{"href":"https:\/\/mdfernandez.com\/ca\/wp-json\/wp\/v2\/media?parent=9"}],"curies":[{"name":"wp","href":"https:\/\/api.w.org\/{rel}","templated":true}]}}